{"id":20684,"date":"2024-04-19T18:19:02","date_gmt":"2024-04-19T16:19:02","guid":{"rendered":"http:\/\/fullset.be\/?post_type=product&#038;p=20684"},"modified":"2024-10-20T21:15:54","modified_gmt":"2024-10-20T19:15:54","slug":"speedy-30-monogram","status":"publish","type":"product","link":"https:\/\/fullset.be\/it\/horloge\/tassen\/louis-vuitton\/speedy-30-monogram\/","title":{"rendered":"Louis Vuitton Speedy 30 Monogram"},"content":{"rendered":"<h3>Informazioni di base<\/h3>\n<table>\n<tbody>\n<tr>\n<th>Marca:<\/th>\n<td>Louis Vuitton<\/td>\n<\/tr>\n<tr>\n<th>Modello:<\/th>\n<td>Speedy 30<\/td>\n<\/tr>\n<tr>\n<th>Accessori:<\/th>\n<td>No<\/td>\n<\/tr>\n<tr>\n<th>Include:<\/th>\n<td>Certificato di Entrupy, Certificato di Autenticit\u00e0<\/td>\n<\/tr>\n<tr>\n<th>Materiale:<\/th>\n<td>Tela<\/td>\n<\/tr>\n<tr>\n<th>Colore:<\/th>\n<td>Monogramma<\/td>\n<\/tr>\n<tr>\n<th>Numero di serie:<\/th>\n<td>SP0918<\/td>\n<\/tr>\n<tr>\n<th>Dimensioni:<\/th>\n<td>30cm x 21cm x 17cm (larghezza x altezza x profondit\u00e0)<\/td>\n<\/tr>\n<tr>\n<th>Condizioni:<\/th>\n<td>Molto Buono<\/td>\n<\/tr>\n<\/tbody>\n<\/table>","protected":false},"excerpt":{"rendered":"<p>Scoprite l'intramontabile Speedy 30 di Louis Vuitton, una borsa classica e iconica che unisce eleganza e funzionalit\u00e0. Questa borsa vintage \u00e8 realizzata in tela con monogramma LV, resistente ed elegante. Grazie alle sue dimensioni medie, la Speedy 30 \u00e8 ideale per l'uso quotidiano e offre spazio in abbondanza per tutti gli oggetti essenziali.<\/p>\n<p>La Speedy 30 di Louis Vuitton \u00e8 caratterizzata da robusti manici e dettagli in pelle, che aggiungono un tocco di lusso al suo design senza tempo. La chiusura a zip garantisce la sicurezza dei vostri effetti personali, mentre l'interno spazioso \u00e8 foderato in tessuto e dotato di una pratica tasca interna. Portate questa borsa a mano o al braccio per un look elegante e senza sforzo che valorizza qualsiasi outfit.<\/p>","protected":false},"featured_media":20922,"template":"","meta":{"_joinchat":[]},"product_brand":[],"product_cat":[351,354,361],"product_tag":[],"class_list":{"0":"post-20684","1":"product","2":"type-product","3":"status-publish","4":"has-post-thumbnail","6":"product_cat-louis-vuitton","7":"product_cat-speedy","8":"product_cat-tassen","10":"first","11":"outofstock","12":"shipping-taxable","13":"purchasable","14":"product-type-simple"},"_links":{"self":[{"href":"https:\/\/fullset.be\/it\/wp-json\/wp\/v2\/product\/20684","targetHints":{"allow":["GET"]}}],"collection":[{"href":"https:\/\/fullset.be\/it\/wp-json\/wp\/v2\/product"}],"about":[{"href":"https:\/\/fullset.be\/it\/wp-json\/wp\/v2\/types\/product"}],"wp:featuredmedia":[{"embeddable":true,"href":"https:\/\/fullset.be\/it\/wp-json\/wp\/v2\/media\/20922"}],"wp:attachment":[{"href":"https:\/\/fullset.be\/it\/wp-json\/wp\/v2\/media?parent=20684"}],"wp:term":[{"taxonomy":"product_brand","embeddable":true,"href":"https:\/\/fullset.be\/it\/wp-json\/wp\/v2\/product_brand?post=20684"},{"taxonomy":"product_cat","embeddable":true,"href":"https:\/\/fullset.be\/it\/wp-json\/wp\/v2\/product_cat?post=20684"},{"taxonomy":"product_tag","embeddable":true,"href":"https:\/\/fullset.be\/it\/wp-json\/wp\/v2\/product_tag?post=20684"}],"curies":[{"name":"wp","href":"https:\/\/api.w.org\/{rel}","templated":true}]}}