{"id":20683,"date":"2024-04-19T17:23:43","date_gmt":"2024-04-19T15:23:43","guid":{"rendered":"http:\/\/fullset.be\/?post_type=product&#038;p=20683"},"modified":"2024-10-03T23:14:20","modified_gmt":"2024-10-03T21:14:20","slug":"chanel-timeless-classic-medium","status":"publish","type":"product","link":"https:\/\/fullset.be\/it\/horloge\/tassen\/chanel-timeless-classic-medium\/","title":{"rendered":"Chanel Timeless Classic Medium - Doppia patta"},"content":{"rendered":"<h3>Informazioni di base<\/h3>\n<table>\n<tbody>\n<tr>\n<th>Marca<\/th>\n<td>Chanel<\/td>\n<\/tr>\n<tr>\n<th>Modello:<\/th>\n<td>Doppia patta classica senza tempo<\/td>\n<\/tr>\n<tr>\n<th>Accessori<\/th>\n<td>Dotazioni originali, sacchetto di polvere e certificato Chanel<\/td>\n<\/tr>\n<tr>\n<th>Incluso:<\/th>\n<td>Certificaat Entrupy, Certificaat van Authenticiteit<\/td>\n<\/tr>\n<tr>\n<th>Materia:<\/th>\n<td>Lamsleer<\/td>\n<\/tr>\n<tr>\n<th>Kleur:<\/th>\n<td>Zwart, Borgogna<\/td>\n<\/tr>\n<tr>\n<th>Numero di serie:<\/th>\n<td>5155949<\/td>\n<\/tr>\n<tr>\n<th>Afmetingen:<\/th>\n<td>25,5 cm x 16 cm x 7,5 cm (Breedte x Hoogte x Diepte)<\/td>\n<\/tr>\n<tr>\n<th>Condizione:<\/th>\n<td>Molto bene<\/td>\n<\/tr>\n<\/tbody>\n<\/table>","protected":false},"excerpt":{"rendered":"<p>Scoprite l'iconico modello Chanel Timeless Classic Double Flap, una mano elegante e raffinata che si distingue per l'eleganza e la raffinatezza. Questa borsa di prestigio \u00e8 realizzata in pelle d'agnello di alta qualit\u00e0, che conferisce un tocco di eleganza e un'impronta lussuosa. Il design moderno \u00e8 caratterizzato da una doppia patta con l'iconico logo CC e da un hardware di qualit\u00e0 superiore, che conferisce a questa collezione un'impronta di grande attualit\u00e0.<\/p>\n<p>La Timeless Classic di Chanel offre un perfetto equilibrio tra stile e funzionalit\u00e0, con pi\u00f9 ampie tasche e un'interfaccia di classe. Trascinate la borsa a spalla o a tracolla per un look davvero elegante. Guardate voi stessi come l'outfit completa gli elementi essenziali di Chanel.<\/p>\n<p>La risposta \u00e8 che Coco Chanel ha la sua grande patta per vedere come \u00e8 fatta la Classic Flap Bag? La risposta \u00e8 che potrete vedere attraverso il grande lembo della borsa il suo aspetto. Il colore rosso bordeaux era utilizzato per le uniformi indossate nella fabbrica in cui lavorava Coco Chanel.<\/p>","protected":false},"featured_media":21547,"template":"","meta":{"_joinchat":[]},"product_brand":[],"product_cat":[361,352,356],"product_tag":[],"class_list":{"0":"post-20683","1":"product","2":"type-product","3":"status-publish","4":"has-post-thumbnail","6":"product_cat-tassen","7":"product_cat-chanel","8":"product_cat-classic-flap","10":"first","11":"outofstock","12":"shipping-taxable","13":"purchasable","14":"product-type-simple"},"_links":{"self":[{"href":"https:\/\/fullset.be\/it\/wp-json\/wp\/v2\/product\/20683","targetHints":{"allow":["GET"]}}],"collection":[{"href":"https:\/\/fullset.be\/it\/wp-json\/wp\/v2\/product"}],"about":[{"href":"https:\/\/fullset.be\/it\/wp-json\/wp\/v2\/types\/product"}],"wp:featuredmedia":[{"embeddable":true,"href":"https:\/\/fullset.be\/it\/wp-json\/wp\/v2\/media\/21547"}],"wp:attachment":[{"href":"https:\/\/fullset.be\/it\/wp-json\/wp\/v2\/media?parent=20683"}],"wp:term":[{"taxonomy":"product_brand","embeddable":true,"href":"https:\/\/fullset.be\/it\/wp-json\/wp\/v2\/product_brand?post=20683"},{"taxonomy":"product_cat","embeddable":true,"href":"https:\/\/fullset.be\/it\/wp-json\/wp\/v2\/product_cat?post=20683"},{"taxonomy":"product_tag","embeddable":true,"href":"https:\/\/fullset.be\/it\/wp-json\/wp\/v2\/product_tag?post=20683"}],"curies":[{"name":"wp","href":"https:\/\/api.w.org\/{rel}","templated":true}]}}