{"id":16771,"date":"2023-07-14T10:04:20","date_gmt":"2023-07-14T08:04:20","guid":{"rendered":"http:\/\/fullset.be\/?post_type=product&#038;p=16771"},"modified":"2024-10-03T23:14:24","modified_gmt":"2024-10-03T21:14:24","slug":"rolex-wimbledon-datejust-126300","status":"publish","type":"product","link":"https:\/\/fullset.be\/it\/horloge\/rolex\/rolex-wimbledon-datejust-126300\/","title":{"rendered":"Rolex Wimbledon Datejust 126300 2021 (Set completo)"},"content":{"rendered":"<h3>Informazioni di base<\/h3>\n<table>\n<tbody>\n<tr>\n<th>Marchio:<\/th>\n<td>Rolex<\/td>\n<\/tr>\n<tr>\n<th>Modello:<\/th>\n<td>Datejust<\/td>\n<\/tr>\n<tr>\n<th>Riferimento:<\/th>\n<td>126300<\/td>\n<\/tr>\n<tr>\n<th>Accessori:<\/th>\n<td>Scatola originale, documenti originali<\/td>\n<\/tr>\n<tr>\n<th>Genere:<\/th>\n<td>Orologio da uomo\/Unisex<\/td>\n<\/tr>\n<tr>\n<th>Movimento<\/th>\n<td>Automatico<\/td>\n<\/tr>\n<tr>\n<th>Materiale della cassa:<\/th>\n<td>Acciaio<\/td>\n<\/tr>\n<tr>\n<th>Materiale del bracciale:<\/th>\n<td>Acciaio<\/td>\n<\/tr>\n<tr>\n<th>Anno:<\/th>\n<td>2021<\/td>\n<\/tr>\n<tr>\n<th>Condizione:<\/th>\n<td>Molto buono<\/td>\n<\/tr>\n<tr>\n<th>Diametro cassa<\/th>\n<td>41mm<\/td>\n<\/tr>\n<\/tbody>\n<\/table>","protected":false},"excerpt":{"rendered":"<h1>Rolex Wimbledon Datejust als Icoon<\/h1>\n<p>Questo orologio \u00e8 un'icona nel mondo degli orologi. Con la sua sottile eleganza e il suo design sofisticato, questo orologio occupa un posto speciale nel mondo dell'orologeria.<\/p>\n<p>Orologio del Rolex Datejust Wimbledon: questo orologio ha un numero impressionante di orologi che lo rendono unico nel suo genere. L'orologio \u00e8 dotato di una pratica cassa in grijze con cijfers romanici di colore nero che hanno un contorno pi\u00f9 ampio, il che fa pensare alle pi\u00f9 grandi gazzette del beroemde Wimbledon-tennisternooi. L'orologio \u00e8 presentato in un'elegante cassa di 41 mm di diametro in acciaio inossidabile, con un bracciale Oyster di qualit\u00e0 superiore. \u00c8 dotato del calibro automatico Rolex 3235, che garantisce precisione e affidabilit\u00e0.<\/p>\n<h3>Geschiedenis<\/h3>\n<p><a href=\"http:\/\/fullset.be\/nl\/rolex-horloges\/rolex-datejust\/\"> Informazioni su Rolex Datejust<\/a> \u00e8 uno dei modelli di orologi pi\u00f9 iconici di Rolex ed \u00e8 stato prodotto per la prima volta nel 1945. Wimbledon \u00e8 un'edizione speciale che nel 2009 \u00e8 stata realizzata in collaborazione con la rete di partner stranieri tra cui <a href=\"http:\/\/fullset.be\/nl\/rolex-horloges\/\">Rolex<\/a> e il prestigioso torneo di Wimbledon. L'orologio \u00e8 stato creato per mettere in risalto l'eleganza e la bellezza del mondo del tennis.<\/p>\n<h3>Popolarit\u00e0 e disponibilit\u00e0<\/h3>\n<p>Viene utilizzato sia dagli orologiai che dai rivenditori. L'orologio combina un'estetica di classe con una grande sportivit\u00e0, ed \u00e8 adatto sia per gli orologi di forma che per quelli informali. La forte competenza tecnica di Bovendien lo rende un oggetto davvero unico. La combinazione del design unico, dell'esclusivit\u00e0 e del patrimonio leggendario di Rolex rende questo orologio un investimento eccezionale.<\/p>\n<h3>Come si fa a trascinare<\/h3>\n<p>L'eleganza dell'orologio lo rende ideale per essere abbinato a una variet\u00e0 di abiti e di vestiti. Per un look pi\u00f9 formale, l'orologio pu\u00f2 essere indossato con una maatpak con spalline, ma pu\u00f2 anche essere un'aggiunta elegante a un outfit pi\u00f9 casual, come un chino con sovracoperta. La combinazione di colori su larga scala del wijzerplaat pu\u00f2 essere completata con accessori in colori smerigliati, come un grande stropdas o un taschino.<\/p>\n<h3>Conclusioni<\/h3>\n<p>Un elegante orologio che, grazie alle sue dimensioni, \u00e8 diventato un simbolo nel mondo dell'orologeria. Con la sua grande cassa, i suoi materiali di alta qualit\u00e0 e la sua struttura perfetta, l'orologio ha il fascino e il fascino del famoso torneo di Wimbledon. Se sei un appassionato di orologeria, un professionista o un appassionato di moda, il Rolex Datejust Wimbledon \u00e8 un'ottima scelta per la tua collezione di orologi.<\/p>","protected":false},"featured_media":16777,"template":"","meta":{"_joinchat":[]},"product_brand":[],"product_cat":[22],"product_tag":[252,254,205,25,26,189,27,34,253],"class_list":{"0":"post-16771","1":"product","2":"type-product","3":"status-publish","4":"has-post-thumbnail","6":"product_cat-rolex","7":"product_tag-252","8":"product_tag-254","9":"product_tag-205","10":"product_tag-datejust","11":"product_tag-full-set","12":"product_tag-heren","13":"product_tag-rolex","14":"product_tag-steel","15":"product_tag-wimbledon-dial","17":"first","18":"outofstock","19":"featured","20":"shipping-taxable","21":"purchasable","22":"product-type-simple"},"_links":{"self":[{"href":"https:\/\/fullset.be\/it\/wp-json\/wp\/v2\/product\/16771","targetHints":{"allow":["GET"]}}],"collection":[{"href":"https:\/\/fullset.be\/it\/wp-json\/wp\/v2\/product"}],"about":[{"href":"https:\/\/fullset.be\/it\/wp-json\/wp\/v2\/types\/product"}],"wp:featuredmedia":[{"embeddable":true,"href":"https:\/\/fullset.be\/it\/wp-json\/wp\/v2\/media\/16777"}],"wp:attachment":[{"href":"https:\/\/fullset.be\/it\/wp-json\/wp\/v2\/media?parent=16771"}],"wp:term":[{"taxonomy":"product_brand","embeddable":true,"href":"https:\/\/fullset.be\/it\/wp-json\/wp\/v2\/product_brand?post=16771"},{"taxonomy":"product_cat","embeddable":true,"href":"https:\/\/fullset.be\/it\/wp-json\/wp\/v2\/product_cat?post=16771"},{"taxonomy":"product_tag","embeddable":true,"href":"https:\/\/fullset.be\/it\/wp-json\/wp\/v2\/product_tag?post=16771"}],"curies":[{"name":"wp","href":"https:\/\/api.w.org\/{rel}","templated":true}]}}