{"id":44,"date":"2022-10-22T15:35:27","date_gmt":"2022-10-22T13:35:27","guid":{"rendered":"https:\/\/www.timepiecesbelgium.be\/?page_id=44"},"modified":"2025-04-15T10:00:56","modified_gmt":"2025-04-15T08:00:56","slug":"horloge-verkopen","status":"publish","type":"page","link":"https:\/\/fullset.be\/it\/horloge-verkopen\/","title":{"rendered":"Vendita di orologi"},"content":{"rendered":"<div data-elementor-type=\"wp-page\" data-elementor-id=\"44\" class=\"elementor elementor-44\" data-elementor-post-type=\"page\">\n\t\t\t\t\t\t<section class=\"elementor-section elementor-top-section elementor-element elementor-element-a7e49a5 elementor-section-height-min-height elementor-section-boxed elementor-section-height-default elementor-section-items-middle\" data-id=\"a7e49a5\" data-element_type=\"section\" data-settings=\"{&quot;jet_parallax_layout_list&quot;:[],&quot;background_background&quot;:&quot;classic&quot;}\">\n\t\t\t\t\t\t\t<div class=\"elementor-background-overlay\"><\/div>\n\t\t\t\t\t\t\t<div class=\"elementor-container elementor-column-gap-default\">\n\t\t\t\t\t<div class=\"elementor-column elementor-col-100 elementor-top-column elementor-element elementor-element-1aa5edd\" data-id=\"1aa5edd\" data-element_type=\"column\">\n\t\t\t<div class=\"elementor-widget-wrap elementor-element-populated\">\n\t\t\t\t\t\t<div class=\"elementor-element elementor-element-c9f5cf5 elementor-widget elementor-widget-heading\" data-id=\"c9f5cf5\" data-element_type=\"widget\" data-widget_type=\"heading.default\">\n\t\t\t\t<div class=\"elementor-widget-container\">\n\t\t\t\t\t<h1 class=\"elementor-heading-title elementor-size-default\">Vendita di orologi<\/h1>\t\t\t\t<\/div>\n\t\t\t\t<\/div>\n\t\t\t\t\t<\/div>\n\t\t<\/div>\n\t\t\t\t\t<\/div>\n\t\t<\/section>\n\t\t\t\t<section class=\"elementor-section elementor-top-section elementor-element elementor-element-cad24f0 elementor-section-boxed elementor-section-height-default elementor-section-height-default\" data-id=\"cad24f0\" data-element_type=\"section\" data-settings=\"{&quot;jet_parallax_layout_list&quot;:[],&quot;background_background&quot;:&quot;classic&quot;}\">\n\t\t\t\t\t\t<div class=\"elementor-container elementor-column-gap-default\">\n\t\t\t\t\t<div class=\"elementor-column elementor-col-100 elementor-top-column elementor-element elementor-element-311850c\" data-id=\"311850c\" data-element_type=\"column\">\n\t\t\t<div class=\"elementor-widget-wrap elementor-element-populated\">\n\t\t\t\t\t\t<div class=\"elementor-element elementor-element-9a09059 elementor-widget elementor-widget-heading\" data-id=\"9a09059\" data-element_type=\"widget\" data-widget_type=\"heading.default\">\n\t\t\t\t<div class=\"elementor-widget-container\">\n\t\t\t\t\t<h2 class=\"elementor-heading-title elementor-size-default\">Vendere il tuo orologio? Compriamo il tuo orologio esclusivo al miglior prezzo! <\/h2>\t\t\t\t<\/div>\n\t\t\t\t<\/div>\n\t\t\t\t<div class=\"elementor-element elementor-element-0e49794 elementor-widget elementor-widget-text-editor\" data-id=\"0e49794\" data-element_type=\"widget\" data-widget_type=\"text-editor.default\">\n\t\t\t\t<div class=\"elementor-widget-container\">\n\t\t\t\t\t\t\t\t\t<p>Ha un orologio Rolex, Omega o Cartier che non indossa pi\u00f9? Allora vendere il suo orologio esclusivo \u00e8 ovviamente una buona scelta. Acquistiamo orologi anche senza certificato o scatola originale.<\/p>\n<p>Acquistiamo orologi da tutta Europa e possiamo sempre dirle quanto vale il suo orologio.<\/p>\n<p>Vuoi vendere subito il tuo orologio? Compila il nostro <a id=\"form-link\" href=\"#form\">modulo<\/a> dentro.<\/p>\t\t\t\t\t\t\t\t<\/div>\n\t\t\t\t<\/div>\n\t\t\t\t<div class=\"elementor-element elementor-element-958129c elementor-widget elementor-widget-heading\" data-id=\"958129c\" data-element_type=\"widget\" data-widget_type=\"heading.default\">\n\t\t\t\t<div class=\"elementor-widget-container\">\n\t\t\t\t\t<h2 class=\"elementor-heading-title elementor-size-default\">Quanto vale il mio orologio? <\/h2>\t\t\t\t<\/div>\n\t\t\t\t<\/div>\n\t\t\t\t<div class=\"elementor-element elementor-element-e507b58 elementor-widget elementor-widget-text-editor\" data-id=\"e507b58\" data-element_type=\"widget\" data-widget_type=\"text-editor.default\">\n\t\t\t\t<div class=\"elementor-widget-container\">\n\t\t\t\t\t\t\t\t\t<p>Quando possiedi un orologio esclusivo, potresti essere curioso di sapere quanto vale. Se compili il nostro modulo e fornisci le foto, possiamo dirti a distanza quanto vale il tuo orologio. Alcuni orologi mantengono molto bene il loro valore o addirittura aumentano di valore. Sulla base delle foto, possiamo determinare le condizioni e accertare l'autenticit\u00e0 dell'orologio.<\/p><p>Inoltre, \u00e8 utile sapere se l'orologio \u00e8 stato revisionato e se sono stati sostituiti dei pezzi, ad esempio. Anche se non hai acquistato l'orologio nuovo, possiamo farti un'offerta. Un orologio vintage pu\u00f2 valere una bella cifra.<\/p>\t\t\t\t\t\t\t\t<\/div>\n\t\t\t\t<\/div>\n\t\t\t\t<div class=\"elementor-element elementor-element-0c46981 elementor-widget elementor-widget-heading\" data-id=\"0c46981\" data-element_type=\"widget\" data-widget_type=\"heading.default\">\n\t\t\t\t<div class=\"elementor-widget-container\">\n\t\t\t\t\t<h2 class=\"elementor-heading-title elementor-size-default\">Vendita di orologi senza certificato?<\/h2>\t\t\t\t<\/div>\n\t\t\t\t<\/div>\n\t\t\t\t<div class=\"elementor-element elementor-element-a704843 elementor-widget elementor-widget-text-editor\" data-id=\"a704843\" data-element_type=\"widget\" data-widget_type=\"text-editor.default\">\n\t\t\t\t<div class=\"elementor-widget-container\">\n\t\t\t\t\t\t\t\t\t<p>Desideri che un orologio venga acquistato da noi ma non hai pi\u00f9 la prova di autenticit\u00e0 o i documenti? O vuoi vendere il tuo Rolex senza certificato? Allora Fullset \u00e8 a tua disposizione. Determiniamo l'autenticit\u00e0 e la veridicit\u00e0 dell'orologio tramite foto e lo facciamo valutare dai nostri orologiai e specialisti. Dopodich\u00e9 ti faremo un'offerta per l'acquisizione del tuo orologio.<\/p>\t\t\t\t\t\t\t\t<\/div>\n\t\t\t\t<\/div>\n\t\t\t\t<div class=\"elementor-element elementor-element-0c09057 elementor-widget elementor-widget-heading\" data-id=\"0c09057\" data-element_type=\"widget\" data-widget_type=\"heading.default\">\n\t\t\t\t<div class=\"elementor-widget-container\">\n\t\t\t\t\t<h2 class=\"elementor-heading-title elementor-size-default\">Vendere Rolex<\/h2>\t\t\t\t<\/div>\n\t\t\t\t<\/div>\n\t\t\t\t<div class=\"elementor-element elementor-element-3f6d513 elementor-widget elementor-widget-text-editor\" data-id=\"3f6d513\" data-element_type=\"widget\" data-widget_type=\"text-editor.default\">\n\t\t\t\t<div class=\"elementor-widget-container\">\n\t\t\t\t\t\t\t\t\t<p>Vuoi vendere il tuo Rolex? Saremo lieti di acquistarlo da te. Rolex ha diversi modelli iconici che sono molto richiesti e puoi venderli in sicurezza a noi. In questo modo sei certo di ottenere il miglior prezzo per il tuo orologio Rolex.<\/p>\t\t\t\t\t\t\t\t<\/div>\n\t\t\t\t<\/div>\n\t\t\t\t<div class=\"elementor-element elementor-element-c30a3d9 elementor-widget elementor-widget-heading\" data-id=\"c30a3d9\" data-element_type=\"widget\" data-widget_type=\"heading.default\">\n\t\t\t\t<div class=\"elementor-widget-container\">\n\t\t\t\t\t<h2 class=\"elementor-heading-title elementor-size-default\">Acquisto orologi<\/h2>\t\t\t\t<\/div>\n\t\t\t\t<\/div>\n\t\t\t\t<div class=\"elementor-element elementor-element-bb5c370 elementor-widget elementor-widget-text-editor\" data-id=\"bb5c370\" data-element_type=\"widget\" data-widget_type=\"text-editor.default\">\n\t\t\t\t<div class=\"elementor-widget-container\">\n\t\t\t\t\t\t\t\t\t<p>L'acquisto dei nostri orologi avviene come segue; qualora desideriate che acquistiamo un vostro orologio, potete compilare il nostro modulo ed caricare le foto. Una volta che avremo sufficienti informazioni, vi faremo un preventivo. Siete d'accordo con la nostra proposta di prezzo? Allora potete inviarci l'orologio. Controlleremo nuovamente l'orologio e una volta che tutto sar\u00e0 a posto, provvederemo al pagamento immediato.<\/p><p>Vuoi maggiori informazioni sul valore del tuo orologio di lusso? Allora puoi contattare Fullset. Naturalmente, puoi anche compilare direttamente il modulo sottostante e ti contatteremo noi.<\/p>\t\t\t\t\t\t\t\t<\/div>\n\t\t\t\t<\/div>\n\t\t\t\t<div class=\"elementor-element elementor-element-42e8d19 elementor-widget elementor-widget-menu-anchor\" data-id=\"42e8d19\" data-element_type=\"widget\" data-widget_type=\"menu-anchor.default\">\n\t\t\t\t<div class=\"elementor-widget-container\">\n\t\t\t\t\t\t\t<div class=\"elementor-menu-anchor\" id=\"form\"><\/div>\n\t\t\t\t\t\t<\/div>\n\t\t\t\t<\/div>\n\t\t\t\t<div class=\"elementor-element elementor-element-f3a2075 elementor-widget elementor-widget-wpforms\" data-id=\"f3a2075\" data-element_type=\"widget\" data-widget_type=\"wpforms.default\">\n\t\t\t\t<div class=\"elementor-widget-container\">\n\t\t\t\t\t<style id=\"wpforms-css-vars-elementor-widget-f3a2075\">\n\t\t\t\t.elementor-widget-wpforms.elementor-element-f3a2075 {\n\t\t\t\t--wpforms-field-border-radius: 10px;\n--wpforms-button-border-radius: 10px;\n--wpforms-button-background-color: #EA5A26;\n\t\t\t}\n\t\t\t<\/style><div class=\"wpforms-container wpforms-container-full wpforms-render-modern\" id=\"wpforms-24167\"><form id=\"wpforms-form-24167\" class=\"wpforms-validate wpforms-form wpforms-ajax-form\" data-formid=\"24167\" method=\"post\" enctype=\"multipart\/form-data\" action=\"\/it\/wp-json\/wp\/v2\/pages\/44?wpforms_form_id=24167\" data-token=\"8172430d005f0b07b8c2269dbedd9518\" data-token-time=\"1775984000\" data-trp-original-action=\"\/it\/wp-json\/wp\/v2\/pages\/44?wpforms_form_id=24167\"><noscript class=\"wpforms-error-noscript\">Abilita JavaScript nel browser per completare questo modulo.<\/noscript><div id=\"wpforms-error-noscript\" style=\"display: none;\">Abilita JavaScript nel browser per completare questo modulo.<\/div><div class=\"wpforms-field-container\"><div id=\"wpforms-24167-field_1-container\" class=\"wpforms-field wpforms-field-name\" data-field-id=\"1\"><fieldset><legend class=\"wpforms-field-label\">Nome <span class=\"wpforms-required-label\" aria-hidden=\"true\">*<\/span><\/legend><div class=\"wpforms-field-row wpforms-field-large\"><div class=\"wpforms-field-row-block wpforms-first wpforms-one-half\"><input type=\"text\" id=\"wpforms-24167-field_1\" class=\"wpforms-field-name-first wpforms-field-required\" name=\"wpforms[fields][1][first]\" aria-errormessage=\"wpforms-24167-field_1-error\" required><label for=\"wpforms-24167-field_1\" class=\"wpforms-field-sublabel after\">Nome<\/label><\/div><div class=\"wpforms-field-row-block wpforms-one-half\"><input type=\"text\" id=\"wpforms-24167-field_1-last\" class=\"wpforms-field-name-last wpforms-field-required\" name=\"wpforms[fields][1][last]\" aria-errormessage=\"wpforms-24167-field_1-last-error\" required><label for=\"wpforms-24167-field_1-last\" class=\"wpforms-field-sublabel after\">Cognome<\/label><\/div><\/div><\/fieldset><\/div><div id=\"wpforms-24167-field_4-container\" class=\"wpforms-field wpforms-field-layout\" data-field-id=\"4\"><div class=\"wpforms-field-layout-rows wpforms-field-large\"><div class=\"wpforms-layout-row\"><div class=\"wpforms-layout-column wpforms-layout-column-50\"><div id=\"wpforms-24167-field_2-container\" class=\"wpforms-field wpforms-field-email\" data-field-id=\"2\"><label class=\"wpforms-field-label\" for=\"wpforms-24167-field_2\">Email <span class=\"wpforms-required-label\" aria-hidden=\"true\">*<\/span><\/label><input type=\"email\" id=\"wpforms-24167-field_2\" class=\"wpforms-field-medium wpforms-field-required\" name=\"wpforms[fields][2]\" spellcheck=\"false\" aria-errormessage=\"wpforms-24167-field_2-error\" required><\/div><\/div><div class=\"wpforms-layout-column wpforms-layout-column-50\"><div id=\"wpforms-24167-field_5-container\" class=\"wpforms-field wpforms-field-phone\" data-field-id=\"5\"><label class=\"wpforms-field-label\" for=\"wpforms-24167-field_5\">Telefono <span class=\"wpforms-required-label\" aria-hidden=\"true\">*<\/span><\/label><input type=\"tel\" id=\"wpforms-24167-field_5\" class=\"wpforms-field-medium wpforms-field-required wpforms-smart-phone-field\" data-rule-smart-phone-field=\"true\" name=\"wpforms[fields][5]\" aria-label=\"Telefono\" aria-errormessage=\"wpforms-24167-field_5-error\" required><\/div><\/div><\/div><\/div><\/div><div id=\"wpforms-24167-field_3-container\" class=\"wpforms-field wpforms-field-textarea\" data-field-id=\"3\"><label class=\"wpforms-field-label\" for=\"wpforms-24167-field_3\">Descrivi l'orologio che stai vendendo <span class=\"wpforms-required-label\" aria-hidden=\"true\">*<\/span><\/label><textarea id=\"wpforms-24167-field_3\" class=\"wpforms-field-medium wpforms-field-required\" name=\"wpforms[fields][3]\" aria-errormessage=\"wpforms-24167-field_3-error\" required><\/textarea><\/div><div id=\"wpforms-24167-field_6-container\" class=\"wpforms-field wpforms-field-layout\" data-field-id=\"6\"><div class=\"wpforms-field-layout-rows wpforms-field-large\"><div class=\"wpforms-layout-row\"><div class=\"wpforms-layout-column wpforms-layout-column-50\"><div id=\"wpforms-24167-field_7-container\" class=\"wpforms-field wpforms-field-select wpforms-field-select-style-classic\" data-field-id=\"7\"><label class=\"wpforms-field-label\" for=\"wpforms-24167-field_7\">Marchio <span class=\"wpforms-required-label\" aria-hidden=\"true\">*<\/span><\/label><select id=\"wpforms-24167-field_7\" class=\"wpforms-field-medium wpforms-field-required\" name=\"wpforms[fields][7]\" required=\"required\"><option value=\"Audemars Piguet\"  class=\"choice-1 depth-1\"  >Audemars Piguet<\/option><option value=\"Breitling\"  class=\"choice-2 depth-1\"  >Breitling<\/option><option value=\"Cartier\"  class=\"choice-3 depth-1\"  >Cartier<\/option><option value=\"Omega\"  class=\"choice-4 depth-1\"  >Omega<\/option><option value=\"Patek Philippe\"  class=\"choice-7 depth-1\"  >Patek Philippe<\/option><option value=\"Piaget\"  class=\"choice-6 depth-1\"  >Piaget<\/option><option value=\"Rolex\"  class=\"choice-5 depth-1\"  >Rolex<\/option><option value=\"Tudor\"  class=\"choice-8 depth-1\"  >Tudor<\/option><\/select><\/div><\/div><div class=\"wpforms-layout-column wpforms-layout-column-50\"><div id=\"wpforms-24167-field_8-container\" class=\"wpforms-field wpforms-field-text\" data-field-id=\"8\"><label class=\"wpforms-field-label\" for=\"wpforms-24167-field_8\">Modello\/Riferimento<\/label><input type=\"text\" id=\"wpforms-24167-field_8\" class=\"wpforms-field-medium\" name=\"wpforms[fields][8]\" aria-errormessage=\"wpforms-24167-field_8-error\" ><\/div><\/div><\/div><\/div><\/div><div id=\"wpforms-24167-field_9-container\" class=\"wpforms-field wpforms-field-text\" data-field-id=\"9\"><label class=\"wpforms-field-label\" for=\"wpforms-24167-field_9\">Anno<\/label><input type=\"text\" id=\"wpforms-24167-field_9\" class=\"wpforms-field-medium\" name=\"wpforms[fields][9]\" aria-errormessage=\"wpforms-24167-field_9-error\" ><\/div>\t\t<div id=\"wpforms-24167-field_10-container\"\n\t\t\tclass=\"wpforms-field wpforms-field-text\"\n\t\t\tdata-field-type=\"text\"\n\t\t\tdata-field-id=\"10\"\n\t\t\t>\n\t\t\t<label class=\"wpforms-field-label\" for=\"wpforms-24167-field_10\" >Name Model\/Reference the<\/label>\n\t\t\t<input type=\"text\" id=\"wpforms-24167-field_10\" class=\"wpforms-field-medium\" name=\"wpforms[fields][10]\" >\n\t\t<\/div>\n\t\t<div id=\"wpforms-24167-field_16-container\" class=\"wpforms-field wpforms-field-layout\" data-field-id=\"16\"><div class=\"wpforms-field-layout-rows wpforms-field-large\"><div class=\"wpforms-layout-row\"><div class=\"wpforms-layout-column wpforms-layout-column-50\"><div id=\"wpforms-24167-field_11-container\" class=\"wpforms-field wpforms-field-radio\" data-field-id=\"11\"><fieldset><legend class=\"wpforms-field-label\">Scatola<\/legend><ul id=\"wpforms-24167-field_11\"><li class=\"choice-1 depth-1\"><input type=\"radio\" id=\"wpforms-24167-field_11_1\" name=\"wpforms[fields][11]\" value=\"Yes\" aria-errormessage=\"wpforms-24167-field_11_1-error\"  ><label class=\"wpforms-field-label-inline\" for=\"wpforms-24167-field_11_1\">S\u00ec<\/label><\/li><li class=\"choice-2 depth-1\"><input type=\"radio\" id=\"wpforms-24167-field_11_2\" name=\"wpforms[fields][11]\" value=\"No\" aria-errormessage=\"wpforms-24167-field_11_2-error\"  ><label class=\"wpforms-field-label-inline\" for=\"wpforms-24167-field_11_2\">No<\/label><\/li><li class=\"choice-3 depth-1\"><input type=\"radio\" id=\"wpforms-24167-field_11_3\" name=\"wpforms[fields][11]\" value=\"Both\" aria-errormessage=\"wpforms-24167-field_11_3-error\"  ><label class=\"wpforms-field-label-inline\" for=\"wpforms-24167-field_11_3\">Entrambi<\/label><\/li><\/ul><\/fieldset><\/div><\/div><div class=\"wpforms-layout-column wpforms-layout-column-50\"><div id=\"wpforms-24167-field_12-container\" class=\"wpforms-field wpforms-field-radio\" data-field-id=\"12\"><fieldset><legend class=\"wpforms-field-label\">Documenti<\/legend><ul id=\"wpforms-24167-field_12\"><li class=\"choice-1 depth-1\"><input type=\"radio\" id=\"wpforms-24167-field_12_1\" name=\"wpforms[fields][12]\" value=\"Yes\" aria-errormessage=\"wpforms-24167-field_12_1-error\"  ><label class=\"wpforms-field-label-inline\" for=\"wpforms-24167-field_12_1\">S\u00ec<\/label><\/li><li class=\"choice-2 depth-1\"><input type=\"radio\" id=\"wpforms-24167-field_12_2\" name=\"wpforms[fields][12]\" value=\"No\" aria-errormessage=\"wpforms-24167-field_12_2-error\"  ><label class=\"wpforms-field-label-inline\" for=\"wpforms-24167-field_12_2\">No<\/label><\/li><li class=\"choice-3 depth-1\"><input type=\"radio\" id=\"wpforms-24167-field_12_3\" name=\"wpforms[fields][12]\" value=\"Both\" aria-errormessage=\"wpforms-24167-field_12_3-error\"  ><label class=\"wpforms-field-label-inline\" for=\"wpforms-24167-field_12_3\">Entrambi<\/label><\/li><\/ul><\/fieldset><\/div><\/div><\/div><\/div><\/div><div id=\"wpforms-24167-field_14-container\" class=\"wpforms-field wpforms-field-file-upload\" data-field-id=\"14\"><label class=\"wpforms-field-label\" for=\"wpforms-24167-field_14\">Immagini<\/label><div\n\t\tclass=\"wpforms-uploader\"\n\t\tdata-field-id=\"14\"\n\t\tdata-form-id=\"24167\"\n\t\tdata-input-name=\"wpforms_24167_14\"\n\t\tdata-extensions=\"jpg,jpeg,jpe,gif,png,bmp,tiff,tif,webp,avif,ico,heic,heif,heics,heifs,asf,asx,wmv,wmx,wm,avi,divx,mov,qt,mpeg,mpg,mpe,mp4,m4v,ogv,webm,mkv,3gp,3gpp,3g2,3gp2,txt,asc,c,cc,h,srt,csv,tsv,ics,rtx,css,vtt,mp3,m4a,m4b,aac,ra,ram,wav,x-wav,ogg,oga,flac,mid,midi,wma,wax,mka,rtf,pdf,class,tar,zip,gz,gzip,rar,7z,psd,xcf,doc,pot,pps,ppt,wri,xla,xls,xlt,xlw,mpp,docx,docm,dotx,dotm,xlsx,xlsm,xlsb,xltx,xltm,xlam,pptx,pptm,ppsx,ppsm,potx,potm,ppam,sldx,sldm,onetoc,onetoc2,onepkg,oxps,xps,odt,odp,ods,odg,odc,odb,odf,wp,wpd,key,numbers,pages,json,svg\"\n\t\tdata-max-size=\"25165824\"\n\t\tdata-max-file-number=\"10\"\n\t\tdata-post-max-size=\"12884901888\"\n\t\tdata-max-parallel-uploads=\"4\"\n\t\tdata-parallel-uploads=\"true\"\n\t\tdata-file-chunk-size=\"2097152\">\n\t<div class=\"dz-message\">\n\t\t<svg  viewbox=\"0 0 640 640\" focusable=\"false\" data-icon=\"inbox\" width=\"50px\" height=\"50px\" fill=\"currentColor\" aria-hidden=\"true\">\n\t\t\t<path d=\"M352 173.3L352 384C352 401.7 337.7 416 320 416C302.3 416 288 401.7 288 384L288 173.3L246.6 214.7C234.1 227.2 213.8 227.2 201.3 214.7C188.8 202.2 188.8 181.9 201.3 169.4L297.3 73.4C309.8 60.9 330.1 60.9 342.6 73.4L438.6 169.4C451.1 181.9 451.1 202.2 438.6 214.7C426.1 227.2 405.8 227.2 393.3 214.7L352 173.3zM320 464C364.2 464 400 428.2 400 384L480 384C515.3 384 544 412.7 544 448L544 480C544 515.3 515.3 544 480 544L160 544C124.7 544 96 515.3 96 480L96 448C96 412.7 124.7 384 160 384L240 384C240 428.2 275.8 464 320 464zM464 488C477.3 488 488 477.3 488 464C488 450.7 477.3 440 464 440C450.7 440 440 450.7 440 464C440 477.3 450.7 488 464 488z\"\/>\n\t\t<\/svg>\n\n\t\t<span class=\"modern-title\">\n\t\t\t\t\t\t\tDrag &amp; Drop Files, \t\t\t\t<span>Choose Files to Upload<\/span>\n\t\t\t\t\t<\/span>\n\n\t\t\t\t\t<span class=\"modern-hint\">Puoi caricare fino a 10 file.<\/span>\n\t\t\t<\/div>\n<\/div>\n\n<input\n\t\ttype=\"text\"\n\t\tautocomplete=\"off\"\n\t\treadonly\n\t\tclass=\"dropzone-input\"\n\t\tstyle=\"position:absolute!important;clip:rect(0,0,0,0)!important;height:1px!important;width:1px!important;border:0!important;overflow:hidden!important;padding:0!important;margin:0!important;\"\n\t\tid=\"wpforms-24167-field_14\"\n\t\tname=\"wpforms_24167_14\" \t\tvalue=\"\">\n<\/div><div id=\"wpforms-24167-field_15-container\" class=\"wpforms-field wpforms-field-textarea\" data-field-id=\"15\"><label class=\"wpforms-field-label\" for=\"wpforms-24167-field_15\">Note o informazioni aggiuntive<\/label><textarea id=\"wpforms-24167-field_15\" class=\"wpforms-field-medium\" name=\"wpforms[fields][15]\" aria-errormessage=\"wpforms-24167-field_15-error\" ><\/textarea><\/div><script>\n\t\t\t\t( function() {\n\t\t\t\t\tconst style = document.createElement( 'style' );\n\t\t\t\t\tstyle.appendChild( document.createTextNode( '#wpforms-24167-field_10-container { position: absolute !important; overflow: hidden !important; display: inline !important; height: 1px !important; width: 1px !important; z-index: -1000 !important; padding: 0 !important; } #wpforms-24167-field_10-container input { visibility: hidden; } #wpforms-conversational-form-page #wpforms-24167-field_10-container label { counter-increment: none; }' ) );\n\t\t\t\t\tdocument.head.appendChild( style );\n\t\t\t\t\tdocument.currentScript?.remove();\n\t\t\t\t} )();\n\t\t\t<\/script><\/div><!-- .wpforms-field-container --><div class=\"wpforms-recaptcha-container wpforms-is-recaptcha wpforms-is-recaptcha-type-v3\" ><input type=\"hidden\" name=\"wpforms[recaptcha]\" value=\"\"><\/div><div class=\"wpforms-submit-container\" ><input type=\"hidden\" name=\"wpforms[id]\" value=\"24167\"><input type=\"hidden\" name=\"page_title\" value=\"\"><input type=\"hidden\" name=\"page_url\" value=\"https:\/\/fullset.be\/it\/wp-json\/wp\/v2\/pages\/44\"><input type=\"hidden\" name=\"url_referer\" value=\"\"><button type=\"submit\" name=\"wpforms[submit]\" id=\"wpforms-submit-24167\" class=\"wpforms-submit\" data-alt-text=\"Sending\u2026\" data-submit-text=\"Submit\" aria-live=\"assertive\" value=\"wpforms-submit\">Invia<\/button><img decoding=\"async\" src=\"https:\/\/fullset.be\/wp-content\/plugins\/wpforms\/assets\/images\/submit-spin.svg\" class=\"wpforms-submit-spinner\" style=\"display: none;\" width=\"26\" height=\"26\" alt=\"Caricamento\"><\/div><input type=\"hidden\" id=\"ct_checkjs_wpforms_01386bd6d8e091c2ab4c7c7de644d37b\" name=\"ct_checkjs_wpforms\" value=\"0\" \/><script>setTimeout(function(){var ct_input_name = \"ct_checkjs_wpforms_01386bd6d8e091c2ab4c7c7de644d37b\";if (document.getElementById(ct_input_name) !== null) {var ct_input_value = document.getElementById(ct_input_name).value;document.getElementById(ct_input_name).value = document.getElementById(ct_input_name).value.replace(ct_input_value, '669963624');}}, 1000);<\/script><input\n                    class=\"apbct_special_field apbct_email_id__wp_wpforms\"\n                    name=\"apbct__email_id__wp_wpforms\"\n                    aria-label=\"apbct__label_id__wp_wpforms\"\n                    type=\"text\" size=\"30\" maxlength=\"200\" autocomplete=\"off\"\n                    value=\"\"\n                \/><input type=\"hidden\" name=\"trp-form-language\" value=\"it\"\/><\/form><\/div>  <!-- .wpforms-container -->\t\t\t\t<\/div>\n\t\t\t\t<\/div>\n\t\t\t\t\t<\/div>\n\t\t<\/div>\n\t\t\t\t\t<\/div>\n\t\t<\/section>\n\t\t\t\t<\/div>","protected":false},"excerpt":{"rendered":"<p>Horloge verkopen Uw horloge verkopen? Wij kopen uw exclusieve horloge tegen de beste prijs! Heeft u een Rolex, Omega of Cartier horloge die u niet meer draagt? Dan is het verkopen van uw exclusieve uurwerk uiteraard een goede keuze. Wij kopen horloges in ook zonder certificaat of originele doos. Wij kopen horloges in van over [&hellip;]<\/p>","protected":false},"author":1,"featured_media":0,"parent":0,"menu_order":0,"comment_status":"closed","ping_status":"closed","template":"","meta":{"_joinchat":[],"footnotes":""},"class_list":["post-44","page","type-page","status-publish","hentry"],"_links":{"self":[{"href":"https:\/\/fullset.be\/it\/wp-json\/wp\/v2\/pages\/44","targetHints":{"allow":["GET"]}}],"collection":[{"href":"https:\/\/fullset.be\/it\/wp-json\/wp\/v2\/pages"}],"about":[{"href":"https:\/\/fullset.be\/it\/wp-json\/wp\/v2\/types\/page"}],"author":[{"embeddable":true,"href":"https:\/\/fullset.be\/it\/wp-json\/wp\/v2\/users\/1"}],"replies":[{"embeddable":true,"href":"https:\/\/fullset.be\/it\/wp-json\/wp\/v2\/comments?post=44"}],"version-history":[{"count":68,"href":"https:\/\/fullset.be\/it\/wp-json\/wp\/v2\/pages\/44\/revisions"}],"predecessor-version":[{"id":24179,"href":"https:\/\/fullset.be\/it\/wp-json\/wp\/v2\/pages\/44\/revisions\/24179"}],"wp:attachment":[{"href":"https:\/\/fullset.be\/it\/wp-json\/wp\/v2\/media?parent=44"}],"curies":[{"name":"wp","href":"https:\/\/api.w.org\/{rel}","templated":true}]}}