{"id":18,"date":"2022-10-26T15:55:51","date_gmt":"2022-10-26T13:55:51","guid":{"rendered":"https:\/\/www.timepiecesbelgium.be\/?page_id=18"},"modified":"2026-04-01T12:45:54","modified_gmt":"2026-04-01T10:45:54","slug":"refund_returns","status":"publish","type":"page","link":"https:\/\/fullset.be\/it\/refund_returns\/","title":{"rendered":"Refund and Returns Policy"},"content":{"rendered":"<div data-elementor-type=\"wp-page\" data-elementor-id=\"18\" class=\"elementor elementor-18\" data-elementor-post-type=\"page\">\n\t\t\t\t\t\t<section class=\"elementor-section elementor-top-section elementor-element elementor-element-6a742493 elementor-section-boxed elementor-section-height-default elementor-section-height-default\" data-id=\"6a742493\" data-element_type=\"section\" data-settings=\"{&quot;jet_parallax_layout_list&quot;:[]}\">\n\t\t\t\t\t\t<div class=\"elementor-container elementor-column-gap-default\">\n\t\t\t\t\t<div class=\"elementor-column elementor-col-100 elementor-top-column elementor-element elementor-element-153646ba\" data-id=\"153646ba\" data-element_type=\"column\">\n\t\t\t<div class=\"elementor-widget-wrap elementor-element-populated\">\n\t\t\t\t\t\t<div class=\"elementor-element elementor-element-2766e249 elementor-widget elementor-widget-text-editor\" data-id=\"2766e249\" data-element_type=\"widget\" data-widget_type=\"text-editor.default\">\n\t\t\t\t<div class=\"elementor-widget-container\">\n\t\t\t\t\t\t\t\t\t<h1>Politica di reso<\/h1>\n<p><!-- \/wp:heading --><!-- wp:paragraph --><\/p>\n<p>A volte pu\u00f2 essere necessario restituire un orologio di lusso perch\u00e9 \u00e8 stato acquistato come regalo, oppure perch\u00e9 l'aspetto dell'orologio non si adatta al proprio stile. Noi di Fullset siamo consapevoli che a volte \u00e8 necessario restituire un orologio, ed \u00e8 per questo che abbiamo una politica di restituzione di 14 giorni. Durante questo periodo di tempo, se avete bisogno di restituire l'orologio, potete farlo senza fare domande. In questo modo, la discrezione negli acquisti con noi \u00e8 totale.<\/p>\n<p><!-- \/wp:paragraph --><!-- wp:paragraph --><\/p>\n<p>Per restituirci un orologio di lusso, vi preghiamo di contattare prima il nostro team. Questo ci permette di fornirvi il miglior servizio possibile e di garantire che il processo di restituzione si svolga nel modo pi\u00f9 agevole possibile. Si prega di notare che il costo della restituzione dell'orologio a Fullset \u00e8 a carico dell'acquirente e si consiglia di restituire l'orologio registrato e completamente assicurato con un codice di tracciabilit\u00e0 per evitare qualsiasi problema. Per completare un reso, abbiamo bisogno della ricevuta originale o della prova d'acquisto. Si prega di non rispedire l'acquisto al produttore.<\/p>\n<p><!-- \/wp:paragraph --><!-- wp:paragraph --><\/p>\n<p data-start=\"54\" data-end=\"227\" style=\"font-size: medium;\">I resi sono accettati solo per gli orologi acquistati tramite il nostro sito web, <a data-start=\"123\" data-end=\"148\" rel=\"noopener\" target=\"_new\" href=\"https:\/\/fullset.be\/it\">www.fullset.be<\/a>,e sono applicabili esclusivamente agli acquisti online all'interno dell'Unione Europea.<\/p><p data-start=\"229\" data-end=\"361\" style=\"font-size: medium;\">Gli acquisti effettuati su appuntamento sono definitivi. Per le spedizioni di esportazione al di fuori dell'Unione Europea, non si accettano resi.<\/p>\n<p><!-- \/wp:paragraph --><!-- wp:heading --><\/p>\n<h2><span style=\"font-weight: normal;\">Avviso importante<\/span><\/h2>\n<p><!-- \/wp:heading --><!-- wp:paragraph --><\/p>\n<p>I resi sono soggetti ai seguenti termini e condizioni;<\/p>\n<p><!-- \/wp:paragraph --><!-- wp:list --><\/p>\n<ul>\n<li>Qualsiasi orologio di lusso che sia stato indossato e abbia subito danni non sar\u00e0 accettato per il rimborso.<\/li>\n<li>Gli orologi devono essere restituiti solo nelle esatte condizioni in cui sono stati venduti.<\/li>\n<li>Qualsiasi documentazione o allegato fornito con la vendita deve essere restituito insieme all'orologio e nella sua confezione originale.<\/li>\n<li>Se si desidera aprire la cassa dell'orologio entro il periodo di restituzione di 14 giorni, \u00e8 necessario contattare il nostro team per ottenere l'approvazione.<\/li>\n<\/ul>\n<p><!-- \/wp:list --><!-- wp:heading {\"level\":3} --><\/p>\n<h3>Informazioni sul rimborso<\/h3>\n<p><!-- \/wp:heading --><!-- wp:list --><\/p>\n<ul>\n<li>Tutti i rimborsi vengono effettuati nella stessa forma di pagamento utilizzata durante la transazione originale.<\/li>\n<li>I rimborsi vengono effettuati solo dopo aver ricevuto il prodotto restituito e aver effettuato un'ispezione.<\/li>\n<li>Fullset non \u00e8 responsabile di eventuali pacchi persi o danneggiati durante il processo di restituzione. Si consiglia pertanto di restituire i pacchi completamente assicurati.<\/li>\n<\/ul>\n<p><!-- \/wp:list --><!-- wp:paragraph --><\/p>\n<p><b>Avete bisogno di aiuto?<\/b><\/p>\n<p><!-- \/wp:paragraph --><!-- wp:paragraph --><\/p>\n<p>Non esitate a contattarci all'indirizzo <a href=\"mailto:info@fullset.be\">contact@fullset.be<\/a> per domande relative a rimborsi e restituzioni<\/p>\n<p><!-- \/wp:paragraph --><\/p>\t\t\t\t\t\t\t\t<\/div>\n\t\t\t\t<\/div>\n\t\t\t\t\t<\/div>\n\t\t<\/div>\n\t\t\t\t\t<\/div>\n\t\t<\/section>\n\t\t\t\t<\/div>","protected":false},"excerpt":{"rendered":"<p>Return Policy Sometimes you may need to return a luxury watch as it was bought as a gift, or the look of the watch doesn\u2019t compliment your unique sense of style. At Fullset, we understand that there are times when returns are necessary which is why we have a 14-day return policy. During this time [&hellip;]<\/p>","protected":false},"author":1,"featured_media":0,"parent":0,"menu_order":0,"comment_status":"closed","ping_status":"closed","template":"","meta":{"_joinchat":[],"footnotes":""},"class_list":["post-18","page","type-page","status-publish","hentry"],"_links":{"self":[{"href":"https:\/\/fullset.be\/it\/wp-json\/wp\/v2\/pages\/18","targetHints":{"allow":["GET"]}}],"collection":[{"href":"https:\/\/fullset.be\/it\/wp-json\/wp\/v2\/pages"}],"about":[{"href":"https:\/\/fullset.be\/it\/wp-json\/wp\/v2\/types\/page"}],"author":[{"embeddable":true,"href":"https:\/\/fullset.be\/it\/wp-json\/wp\/v2\/users\/1"}],"replies":[{"embeddable":true,"href":"https:\/\/fullset.be\/it\/wp-json\/wp\/v2\/comments?post=18"}],"version-history":[{"count":14,"href":"https:\/\/fullset.be\/it\/wp-json\/wp\/v2\/pages\/18\/revisions"}],"predecessor-version":[{"id":27818,"href":"https:\/\/fullset.be\/it\/wp-json\/wp\/v2\/pages\/18\/revisions\/27818"}],"wp:attachment":[{"href":"https:\/\/fullset.be\/it\/wp-json\/wp\/v2\/media?parent=18"}],"curies":[{"name":"wp","href":"https:\/\/api.w.org\/{rel}","templated":true}]}}