{"id":12273,"date":"2022-10-26T15:53:59","date_gmt":"2022-10-26T13:53:59","guid":{"rendered":"https:\/\/www.timepiecesbelgium.be\/?page_id=12273"},"modified":"2026-03-18T16:11:32","modified_gmt":"2026-03-18T15:11:32","slug":"shipping-delivery-information","status":"publish","type":"page","link":"https:\/\/fullset.be\/it\/shipping-delivery-information\/","title":{"rendered":"Informazioni sulla spedizione e sulla consegna"},"content":{"rendered":"<div data-elementor-type=\"wp-page\" data-elementor-id=\"12273\" class=\"elementor elementor-12273\" data-elementor-post-type=\"page\">\n\t\t\t\t\t\t<section class=\"elementor-section elementor-top-section elementor-element elementor-element-746c935d elementor-section-boxed elementor-section-height-default elementor-section-height-default\" data-id=\"746c935d\" data-element_type=\"section\" data-settings=\"{&quot;jet_parallax_layout_list&quot;:[]}\">\n\t\t\t\t\t\t<div class=\"elementor-container elementor-column-gap-default\">\n\t\t\t\t\t<div class=\"elementor-column elementor-col-100 elementor-top-column elementor-element elementor-element-40c7ec3b\" data-id=\"40c7ec3b\" data-element_type=\"column\">\n\t\t\t<div class=\"elementor-widget-wrap elementor-element-populated\">\n\t\t\t\t\t\t<div class=\"elementor-element elementor-element-61c7d374 elementor-widget elementor-widget-text-editor\" data-id=\"61c7d374\" data-element_type=\"widget\" data-widget_type=\"text-editor.default\">\n\t\t\t\t<div class=\"elementor-widget-container\">\n\t\t\t\t\t\t\t\t\t<h1><strong>Informazioni sulla spedizione e sulla consegna<\/strong><\/h1>\n<p><!-- \/wp:heading --><!-- wp:paragraph --><\/p>\n<p>Sapere come verr\u00e0 consegnato il vostro orologio di lusso \u00e8 una priorit\u00e0 assoluta per i nostri clienti, quindi ecco tutto quello che c'\u00e8 da sapere sulle nostre informazioni di spedizione e consegna.<\/p>\n<p><!-- \/wp:paragraph --><!-- wp:paragraph --><\/p>\n<p>Tutti gli orologi in stock saranno spediti entro un giorno lavorativo, quando possibile, dopo la ricezione dell'ordine e la verifica del pagamento da parte della nostra banca.<\/p>\n<p><!-- \/wp:paragraph --><!-- wp:paragraph --><\/p>\n<p>Gli ordini saranno inviati ben protetti e, naturalmente, completamente assicurati.<\/p>\n<p><!-- \/wp:paragraph --><!-- wp:heading {\"level\":3} --><\/p>\n<h3><strong>Tempi di consegna<\/strong><\/h3>\n<p><!-- \/wp:heading --><!-- wp:paragraph --><\/p>\n<p>Da Fullset, tutti gli orologi in stock arrivano entro due o sei giorni lavorativi, salvo diversa indicazione.<\/p>\n<p><!-- \/wp:paragraph --><!-- wp:paragraph --><\/p>\n<p>La nostra azienda collabora con corrieri di alto livello per garantire che i nostri ordini arrivino il pi\u00f9 rapidamente possibile. Purtroppo, per\u00f2, pu\u00f2 capitare che la spedizione e la consegna subiscano dei ritardi, ma in questi casi terremo sempre i nostri clienti ben informati e aggiornati.<\/p>\n<p><!-- \/wp:paragraph --><!-- wp:heading {\"level\":4} --><\/p>\n<h4><strong>Shipping\u00a0costs<\/strong><\/h4>\n<p><!-- \/wp:heading --><!-- wp:paragraph --><\/p>\n<p><strong><strong>Di seguito sono riportate le nostre spese di spedizione:<\/strong><\/strong><\/p>\n<p><!-- \/wp:paragraph --><!-- wp:table {\"className\":\"is-style-stripes\"} --><\/p>\n<figure class=\"wp-block-table is-style-stripes\">\n<table>\n<tbody>\n<tr>\n<td>Paesi Bassi<\/td>\n<td>LIBERO<\/td>\n<\/tr>\n<tr>\n<td>Belgio<\/td>\n<td>LIBERO<\/td>\n<\/tr>\n<tr>\n<td>Germania<\/td>\n<td>LIBERO<\/td>\n<\/tr>\n<tr>\n<td>Unione Europea<\/td>\n<td>\u20ac48.00<\/td>\n<\/tr>\n<tr>\n<td>Resto del mondo<\/td>\n<td>\u20ac78.00<\/td>\n<\/tr>\n<\/tbody>\n<\/table>\n<\/figure>\n<p><!-- \/wp:table --><!-- wp:paragraph --><\/p>\n<p><strong>Spese personalizzate<\/strong><\/p>\n<p><!-- \/wp:paragraph --><!-- wp:paragraph --><\/p>\n<p>Si noti che l'ordine pu\u00f2 essere soggetto a tasse doganali e dazi all'importazione del paese in cui viene spedito. Tali spese sono sempre a carico del cliente e non sono incluse nel prezzo dell'ordine. In caso di domande sulla spedizione nel vostro paese, contattateci all'indirizzo <a href=\"mailto:info@fullset.be\">contact@fullset.be<\/a>.<\/p>\n<p><!-- \/wp:paragraph --><\/p>\t\t\t\t\t\t\t\t<\/div>\n\t\t\t\t<\/div>\n\t\t\t\t\t<\/div>\n\t\t<\/div>\n\t\t\t\t\t<\/div>\n\t\t<\/section>\n\t\t\t\t<\/div>","protected":false},"excerpt":{"rendered":"<p>Informazioni sulla spedizione e sulla consegna Sapere come verr\u00e0 consegnato il vostro orologio di lusso \u00e8 una priorit\u00e0 assoluta per i nostri clienti, quindi ecco tutto ci\u00f2 che dovete sapere sulle nostre informazioni di spedizione e consegna. Ogni singolo orologio che abbiamo in magazzino sar\u00e0 spedito entro un giorno lavorativo, quando possibile, e dopo aver ricevuto il vostro ordine [...]<\/p>","protected":false},"author":1,"featured_media":0,"parent":0,"menu_order":0,"comment_status":"closed","ping_status":"closed","template":"","meta":{"_joinchat":[],"footnotes":""},"class_list":["post-12273","page","type-page","status-publish","hentry"],"_links":{"self":[{"href":"https:\/\/fullset.be\/it\/wp-json\/wp\/v2\/pages\/12273","targetHints":{"allow":["GET"]}}],"collection":[{"href":"https:\/\/fullset.be\/it\/wp-json\/wp\/v2\/pages"}],"about":[{"href":"https:\/\/fullset.be\/it\/wp-json\/wp\/v2\/types\/page"}],"author":[{"embeddable":true,"href":"https:\/\/fullset.be\/it\/wp-json\/wp\/v2\/users\/1"}],"replies":[{"embeddable":true,"href":"https:\/\/fullset.be\/it\/wp-json\/wp\/v2\/comments?post=12273"}],"version-history":[{"count":12,"href":"https:\/\/fullset.be\/it\/wp-json\/wp\/v2\/pages\/12273\/revisions"}],"predecessor-version":[{"id":27700,"href":"https:\/\/fullset.be\/it\/wp-json\/wp\/v2\/pages\/12273\/revisions\/27700"}],"wp:attachment":[{"href":"https:\/\/fullset.be\/it\/wp-json\/wp\/v2\/media?parent=12273"}],"curies":[{"name":"wp","href":"https:\/\/api.w.org\/{rel}","templated":true}]}}