{"id":12263,"date":"2022-10-26T15:49:51","date_gmt":"2022-10-26T13:49:51","guid":{"rendered":"https:\/\/www.timepiecesbelgium.be\/?page_id=12263"},"modified":"2026-04-06T15:01:46","modified_gmt":"2026-04-06T13:01:46","slug":"termsconditions","status":"publish","type":"page","link":"https:\/\/fullset.be\/it\/termsconditions\/","title":{"rendered":"Termini e condizioni"},"content":{"rendered":"<div data-elementor-type=\"wp-page\" data-elementor-id=\"12263\" class=\"elementor elementor-12263\" data-elementor-post-type=\"page\">\n\t\t\t\t\t\t<section class=\"elementor-section elementor-top-section elementor-element elementor-element-19666e7 elementor-section-boxed elementor-section-height-default elementor-section-height-default\" data-id=\"19666e7\" data-element_type=\"section\" data-settings=\"{&quot;jet_parallax_layout_list&quot;:[]}\">\n\t\t\t\t\t\t<div class=\"elementor-container elementor-column-gap-default\">\n\t\t\t\t\t<div class=\"elementor-column elementor-col-100 elementor-top-column elementor-element elementor-element-f9562a8\" data-id=\"f9562a8\" data-element_type=\"column\">\n\t\t\t<div class=\"elementor-widget-wrap elementor-element-populated\">\n\t\t\t\t\t\t<div class=\"elementor-element elementor-element-13ef53b elementor-widget elementor-widget-heading\" data-id=\"13ef53b\" data-element_type=\"widget\" data-widget_type=\"heading.default\">\n\t\t\t\t<div class=\"elementor-widget-container\">\n\t\t\t\t\t<h2 class=\"elementor-heading-title elementor-size-default\">Termini e condizioni generali<\/h2>\t\t\t\t<\/div>\n\t\t\t\t<\/div>\n\t\t\t\t<div class=\"elementor-element elementor-element-93f2c92 elementor-widget elementor-widget-text-editor\" data-id=\"93f2c92\" data-element_type=\"widget\" data-widget_type=\"text-editor.default\">\n\t\t\t\t<div class=\"elementor-widget-container\">\n\t\t\t\t\t\t\t\t\t<p><strong>Si prega di leggere tutti i termini e le condizioni.<\/strong><\/p><p>I presenti termini e condizioni (\"Accordo\") definiscono i termini e le condizioni generali dell'utilizzo del sito da parte dell'utente.\u00a0<a href=\"http:\/\/fullset.be\/it\/\" target=\"_blank\" rel=\"noreferrer noopener\">orologibelgium.com<\/a>\u00a0sito web (\"Sito\" o \"Servizio\") e qualsiasi prodotto e servizio ad esso collegato (collettivamente, \"Servizi\"). Il presente accordo \u00e8 legalmente vincolante tra l'utente (\"Utente\", \"tu\" o \"tuo\") e Fullset (\"Fullset\", \"noi\", \"ci\" o \"nostro\"). Se l'utente stipula il presente accordo per conto di un'azienda o di un'altra entit\u00e0 legale, dichiara di avere l'autorit\u00e0 di vincolare tale entit\u00e0 al presente accordo, nel qual caso i termini \"Utente\", \"tu\" o \"tuo\" si riferiranno a tale entit\u00e0. Se non si dispone di tale autorit\u00e0, o se non si accettano i termini del presente contratto, non si deve accettare il presente contratto e non si pu\u00f2 accedere e utilizzare il Sito web e i Servizi. Accedendo e utilizzando il Sito web e i Servizi, l'utente riconosce di aver letto, compreso e accettato di essere vincolato dai termini del presente Accordo. L'utente riconosce che il presente accordo \u00e8 un contratto tra l'utente e Fullset, anche se \u00e8 elettronico e non \u00e8 fisicamente firmato dall'utente, e disciplina l'uso del sito web e dei servizi.<\/p><h2><span style=\"font-weight: normal;\">Conti e affiliazione<\/span><\/h2><p>Se create un account sul Sito web, siete responsabili di mantenere la sicurezza del vostro account e siete pienamente responsabili di tutte le attivit\u00e0 che avvengono nell'ambito dell'account e di qualsiasi altra azione intrapresa in relazione ad esso. Possiamo, ma non abbiamo l'obbligo di, monitorare e controllare i nuovi account prima che l'utente possa accedere e iniziare a utilizzare i Servizi. La fornitura di informazioni di contatto false di qualsiasi tipo pu\u00f2 comportare la chiusura dell'account. L'utente \u00e8 tenuto a comunicarci immediatamente qualsiasi utilizzo non autorizzato del proprio account o qualsiasi altra violazione della sicurezza. Non saremo responsabili di eventuali atti od omissioni da parte dell'utente, compresi eventuali danni di qualsiasi tipo sostenuti in conseguenza di tali atti od omissioni. Possiamo sospendere, disattivare o cancellare l'account dell'utente (o parte di esso) se riteniamo che l'utente abbia violato una qualsiasi disposizione del presente Contratto o che la sua condotta o i suoi contenuti tendano a danneggiare la nostra reputazione e il nostro avviamento. Se l'account dell'utente viene cancellato per i motivi di cui sopra, l'utente non potr\u00e0 registrarsi nuovamente ai nostri Servizi. Potremmo bloccare l'indirizzo e-mail e l'indirizzo di protocollo Internet dell'utente per impedirne l'ulteriore registrazione.<\/p><h2><span style=\"font-weight: normal;\">Fatturazione e pagamenti<\/span><\/h2><p>L'utente dovr\u00e0 pagare tutte le tariffe o gli addebiti sul proprio account in conformit\u00e0 con le tariffe, gli addebiti e i termini di fatturazione in vigore nel momento in cui una tariffa o un addebito sono dovuti e pagabili. Lo scambio di dati sensibili e privati avviene tramite un canale di comunicazione protetto SSL, crittografato e protetto da firme digitali; il Sito Web e i Servizi sono inoltre conformi agli standard di vulnerabilit\u00e0 PCI, al fine di creare un ambiente il pi\u00f9 sicuro possibile per gli Utenti. Per una maggiore sicurezza e protezione vengono eseguite regolarmente delle scansioni alla ricerca di malware. Se, a nostro giudizio, il vostro acquisto costituisce una transazione ad alto rischio, vi chiederemo di fornirci una copia di un documento d'identit\u00e0 valido con foto emesso dal governo e, eventualmente, una copia di un estratto conto recente della carta di credito o di debito utilizzata per l'acquisto. Ci riserviamo il diritto di modificare i prodotti e i prezzi in qualsiasi momento. Ci riserviamo inoltre il diritto di rifiutare qualsiasi ordine effettuato dall'utente. Possiamo, a nostra esclusiva discrezione, limitare o annullare le quantit\u00e0 acquistate per persona, per famiglia o per ordine. Tali limitazioni possono includere ordini effettuati da o con lo stesso account cliente, la stessa carta di credito e\/o ordini che utilizzano lo stesso indirizzo di fatturazione e\/o spedizione. Nel caso in cui dovessimo modificare o annullare un ordine, potremmo tentare di informarvi contattando l'e-mail e\/o l'indirizzo di fatturazione\/numero di telefono forniti al momento dell'ordine.<\/p><h2><span style=\"font-weight: normal;\">Precisione delle informazioni<\/span><\/h2><p>Occasionalmente, sul Sito Web possono essere presenti informazioni contenenti errori tipografici, imprecisioni o omissioni che possono riguardare promozioni e offerte. Ci riserviamo il diritto di correggere eventuali errori, imprecisioni o omissioni e di modificare o aggiornare le informazioni o annullare gli ordini se le informazioni sul Sito web o sui Servizi sono imprecise, in qualsiasi momento e senza preavviso (anche dopo che l'utente ha inviato l'ordine). Non ci assumiamo alcun obbligo di aggiornare, modificare o chiarire le informazioni presenti sul Sito web, incluse, a titolo esemplificativo, le informazioni sui prezzi, salvo nei casi previsti dalla legge. Nessuna data di aggiornamento o di refresh specificata sul Sito Web deve essere considerata come indicante che tutte le informazioni sul Sito Web o sui Servizi sono state modificate o aggiornate.<\/p><h2><span style=\"font-weight: normal;\">Cambiamenti e modifiche<\/span><\/h2><p>Ci riserviamo il diritto di modificare il presente Contratto o i termini relativi al Sito Web e ai Servizi in qualsiasi momento e a nostra discrezione. In tal caso, pubblicheremo la data di aggiornamento in fondo a questa pagina. Potremmo inoltre fornire comunicazioni all'utente in altri modi a nostra discrezione, ad esempio tramite le informazioni di contatto fornite dall'utente.<\/p><p>Una versione aggiornata del presente Contratto entrer\u00e0 in vigore immediatamente dopo la pubblicazione dell'Accordo rivisto, se non diversamente specificato. L'uso continuato del Sito Web e dei Servizi da parte dell'utente dopo la data di entrata in vigore dell'Accordo rivisto (o di altro atto specificato in quel momento) costituir\u00e0 il consenso a tali modifiche.<\/p><h2><span style=\"font-weight: normal;\">Accettazione delle presenti condizioni<\/span><\/h2><p>L'utente riconosce di aver letto il presente Contratto e di accettarne tutti i termini e le condizioni. Accedendo e utilizzando il Sito web e i Servizi accettate di essere vincolati dal presente Accordo. Se non accettate di rispettare i termini del presente Contratto, non siete autorizzati ad accedere o utilizzare il Sito web e i Servizi.<\/p><h2><span style=\"font-weight: normal;\">Contattateci<\/span><\/h2><p>In caso di domande, dubbi o reclami relativi al presente Contratto, vi invitiamo a contattarci utilizzando i dettagli riportati di seguito:<\/p><p>contact@fullset.be<\/p><p>Questo documento \u00e8 stato aggiornato l'ultima volta il 9 marzo 2022.<\/p>\t\t\t\t\t\t\t\t<\/div>\n\t\t\t\t<\/div>\n\t\t\t\t\t<\/div>\n\t\t<\/div>\n\t\t\t\t\t<\/div>\n\t\t<\/section>\n\t\t\t\t<\/div>","protected":false},"excerpt":{"rendered":"<p>Algemene Voorwaarden Please read all these terms and conditions. These terms and conditions (\u201cAgreement\u201d) set forth the general terms and conditions of your use of the\u00a0fullset.be\u00a0website (\u201cWebsite\u201d or \u201cService\u201d) and any of its related products and services (collectively, \u201cServices\u201d). This Agreement is legally binding between you (\u201cUser\u201d, \u201cyou\u201d or \u201cyour\u201d) and Fullset (\u201cFullset\u201d, \u201cwe\u201d, \u201cus\u201d [&hellip;]<\/p>","protected":false},"author":1,"featured_media":0,"parent":0,"menu_order":0,"comment_status":"closed","ping_status":"closed","template":"","meta":{"_joinchat":[],"footnotes":""},"class_list":["post-12263","page","type-page","status-publish","hentry"],"_links":{"self":[{"href":"https:\/\/fullset.be\/it\/wp-json\/wp\/v2\/pages\/12263","targetHints":{"allow":["GET"]}}],"collection":[{"href":"https:\/\/fullset.be\/it\/wp-json\/wp\/v2\/pages"}],"about":[{"href":"https:\/\/fullset.be\/it\/wp-json\/wp\/v2\/types\/page"}],"author":[{"embeddable":true,"href":"https:\/\/fullset.be\/it\/wp-json\/wp\/v2\/users\/1"}],"replies":[{"embeddable":true,"href":"https:\/\/fullset.be\/it\/wp-json\/wp\/v2\/comments?post=12263"}],"version-history":[{"count":17,"href":"https:\/\/fullset.be\/it\/wp-json\/wp\/v2\/pages\/12263\/revisions"}],"predecessor-version":[{"id":27931,"href":"https:\/\/fullset.be\/it\/wp-json\/wp\/v2\/pages\/12263\/revisions\/27931"}],"wp:attachment":[{"href":"https:\/\/fullset.be\/it\/wp-json\/wp\/v2\/media?parent=12263"}],"curies":[{"name":"wp","href":"https:\/\/api.w.org\/{rel}","templated":true}]}}