{"id":27727,"date":"2026-03-24T12:13:36","date_gmt":"2026-03-24T11:13:36","guid":{"rendered":"https:\/\/fullset.be\/?post_type=product&#038;p=27727"},"modified":"2026-03-24T13:05:43","modified_gmt":"2026-03-24T12:05:43","slug":"cartier-panthere-1060","status":"publish","type":"product","link":"https:\/\/fullset.be\/fr\/horloge\/cartier\/cartier-panthere-1060\/","title":{"rendered":"Cartier Panthere Ref. 1060 Year 1995 (Box &#038; Papers)"},"content":{"rendered":"<h3>Cartier Panthere 116921 (3)Informations de base<\/h3>\n<table>\n<tbody>\n<tr>\n<th>Marque :<\/th>\n<td>Cartier<\/td>\n<\/tr>\n<tr>\n<th>Mod\u00e8le<\/th>\n<td>Panth\u00e8re<\/td>\n<\/tr>\n<tr>\n<th>R\u00e9f\u00e9rence :<\/th>\n<td>1060<\/td>\n<\/tr>\n<tr>\n<th>Accessoires :<\/th>\n<td>Bo\u00eete d'origine, papiers d'origine<\/td>\n<\/tr>\n<tr>\n<th>Sexe:<\/th>\n<td>Hommes\/Unisexe<\/td>\n<\/tr>\n<tr>\n<th>Calibre :<\/th>\n<td>Quartz<\/td>\n<\/tr>\n<tr>\n<th>Mat\u00e9riau Bo\u00eetier :<\/th>\n<td>L'or<\/td>\n<\/tr>\n<tr>\n<th>Mat\u00e9riau Bracelet :<\/th>\n<td>Cuir<\/td>\n<\/tr>\n<tr>\n<th>Ann\u00e9e :<\/th>\n<td>1995<\/td>\n<\/tr>\n<tr>\n<th>\u00c9tat :<\/th>\n<td>Tr\u00e8s Bon<\/td>\n<\/tr>\n<tr>\n<th>Diam\u00e8tre du Bo\u00eetier :<\/th>\n<td>29 mm<\/td>\n<\/tr>\n<\/tbody>\n<\/table>\n<p>&nbsp;<\/p>","protected":false},"excerpt":{"rendered":"<div>Cartier Panthere 1060 from 1995 in excellent condition, including the original box and papers.<\/div>\n<div><\/div>\n<div><\/div>\n<div id=\"jq-dealer-default-notes\" class=\"m-t-4\" data-ajax-src=\"\/search\/detail.htm?dealerDefaultNotes=&amp;htmlize=1&amp;id=23815744&amp;t=1652963800530\">Toutes nos montres ont \u00e9t\u00e9 minutieusement contr\u00f4l\u00e9es par notre propre horloger et r\u00e9vis\u00e9es si n\u00e9cessaire.<\/div>","protected":false},"featured_media":27788,"template":"","meta":{"_joinchat":[]},"product_brand":[],"product_cat":[132,245],"product_tag":[572,215,193,214,148,190,30,189,191],"class_list":{"0":"post-27727","1":"product","2":"type-product","3":"status-publish","4":"has-post-thumbnail","6":"product_cat-cartier","7":"product_cat-panthere","8":"product_tag-572","9":"product_tag-215","10":"product_tag-29mm","11":"product_tag-box-and-papers","12":"product_tag-cartier","13":"product_tag-dames","14":"product_tag-gold","15":"product_tag-heren","16":"product_tag-panthere","18":"first","19":"instock","20":"featured","21":"shipping-taxable","22":"purchasable","23":"product-type-simple"},"_links":{"self":[{"href":"https:\/\/fullset.be\/fr\/wp-json\/wp\/v2\/product\/27727","targetHints":{"allow":["GET"]}}],"collection":[{"href":"https:\/\/fullset.be\/fr\/wp-json\/wp\/v2\/product"}],"about":[{"href":"https:\/\/fullset.be\/fr\/wp-json\/wp\/v2\/types\/product"}],"wp:featuredmedia":[{"embeddable":true,"href":"https:\/\/fullset.be\/fr\/wp-json\/wp\/v2\/media\/27788"}],"wp:attachment":[{"href":"https:\/\/fullset.be\/fr\/wp-json\/wp\/v2\/media?parent=27727"}],"wp:term":[{"taxonomy":"product_brand","embeddable":true,"href":"https:\/\/fullset.be\/fr\/wp-json\/wp\/v2\/product_brand?post=27727"},{"taxonomy":"product_cat","embeddable":true,"href":"https:\/\/fullset.be\/fr\/wp-json\/wp\/v2\/product_cat?post=27727"},{"taxonomy":"product_tag","embeddable":true,"href":"https:\/\/fullset.be\/fr\/wp-json\/wp\/v2\/product_tag?post=27727"}],"curies":[{"name":"wp","href":"https:\/\/api.w.org\/{rel}","templated":true}]}}