{"id":26790,"date":"2026-01-22T10:34:43","date_gmt":"2026-01-22T09:34:43","guid":{"rendered":"https:\/\/fullset.be\/?post_type=product&#038;p=26790"},"modified":"2026-01-31T12:28:20","modified_gmt":"2026-01-31T11:28:20","slug":"rolex-day-date-228235","status":"publish","type":"product","link":"https:\/\/fullset.be\/fr\/horloge\/rolex\/rolex-day-date-228235\/","title":{"rendered":"Rolex Day-Date Ref. 228235 Year 2019 (Full Set)"},"content":{"rendered":"<h3>Informations de base<\/h3>\n<table>\n<tbody>\n<tr>\n<th>Marque :<\/th>\n<td>Rolex<\/td>\n<\/tr>\n<tr>\n<th>Mod\u00e8le<\/th>\n<td>Day-Date<\/td>\n<\/tr>\n<tr>\n<th>R\u00e9f\u00e9rence :<\/th>\n<td>228235<\/td>\n<\/tr>\n<tr>\n<th>Accessoires :<\/th>\n<td>Bo\u00eete d'origine, papiers d'origine<\/td>\n<\/tr>\n<tr>\n<th>Sexe:<\/th>\n<td>Hommes\/Unisexe<\/td>\n<\/tr>\n<tr>\n<th>Calibre :<\/th>\n<td>Automatique<\/td>\n<\/tr>\n<tr>\n<th>Mat\u00e9riau de l'armoire<\/th>\n<td>L'or<\/td>\n<\/tr>\n<tr>\n<th>Mat\u00e9riau Bracelet :<\/th>\n<td>L'or<\/td>\n<\/tr>\n<tr>\n<th>Ann\u00e9e :<\/th>\n<td>2019<\/td>\n<\/tr>\n<tr>\n<th>\u00c9tat :<\/th>\n<td>Neufs\/non port\u00e9s<\/td>\n<\/tr>\n<tr>\n<th>Diam\u00e8tre du Bo\u00eetier :<\/th>\n<td>40 mm<\/td>\n<\/tr>\n<\/tbody>\n<\/table>","protected":false},"excerpt":{"rendered":"<div>Rolex Day-Date Ref. 228235 from 2019 with the olive green dial in a like-new condition, comes complete with the full set.<\/div>\n<div><\/div>\n<div id=\"jq-dealer-default-notes\" class=\"m-t-4\" data-ajax-src=\"\/search\/detail.htm?dealerDefaultNotes=&amp;htmlize=1&amp;id=23815744&amp;t=1652963800530\">Toutes nos montres ont \u00e9t\u00e9 minutieusement contr\u00f4l\u00e9es par notre propre horloger et r\u00e9vis\u00e9es si n\u00e9cessaire.<\/div>","protected":false},"featured_media":26779,"template":"","meta":{"_joinchat":[]},"product_brand":[],"product_cat":[22,236],"product_tag":[289,555,32,214,29,30,189,556,27],"class_list":{"0":"post-26790","1":"product","2":"type-product","3":"status-publish","4":"has-post-thumbnail","6":"product_cat-rolex","7":"product_cat-day-date","8":"product_tag-289","9":"product_tag-555","10":"product_tag-40mm","11":"product_tag-box-and-papers","12":"product_tag-day-date","13":"product_tag-gold","14":"product_tag-heren","15":"product_tag-olive-green-dial","16":"product_tag-rolex","18":"first","19":"outofstock","20":"featured","21":"shipping-taxable","22":"purchasable","23":"product-type-simple"},"_links":{"self":[{"href":"https:\/\/fullset.be\/fr\/wp-json\/wp\/v2\/product\/26790","targetHints":{"allow":["GET"]}}],"collection":[{"href":"https:\/\/fullset.be\/fr\/wp-json\/wp\/v2\/product"}],"about":[{"href":"https:\/\/fullset.be\/fr\/wp-json\/wp\/v2\/types\/product"}],"wp:featuredmedia":[{"embeddable":true,"href":"https:\/\/fullset.be\/fr\/wp-json\/wp\/v2\/media\/26779"}],"wp:attachment":[{"href":"https:\/\/fullset.be\/fr\/wp-json\/wp\/v2\/media?parent=26790"}],"wp:term":[{"taxonomy":"product_brand","embeddable":true,"href":"https:\/\/fullset.be\/fr\/wp-json\/wp\/v2\/product_brand?post=26790"},{"taxonomy":"product_cat","embeddable":true,"href":"https:\/\/fullset.be\/fr\/wp-json\/wp\/v2\/product_cat?post=26790"},{"taxonomy":"product_tag","embeddable":true,"href":"https:\/\/fullset.be\/fr\/wp-json\/wp\/v2\/product_tag?post=26790"}],"curies":[{"name":"wp","href":"https:\/\/api.w.org\/{rel}","templated":true}]}}