{"id":25617,"date":"2025-10-18T13:21:56","date_gmt":"2025-10-18T11:21:56","guid":{"rendered":"https:\/\/fullset.be\/?post_type=product&#038;p=25617"},"modified":"2026-04-06T09:30:10","modified_gmt":"2026-04-06T07:30:10","slug":"rolex-datejust-68273-9","status":"publish","type":"product","link":"https:\/\/fullset.be\/fr\/horloge\/rolex\/datejust\/31mm\/rolex-datejust-68273-9\/","title":{"rendered":"Rolex Datejust Ref. 68273 Year 1991 (Box)"},"content":{"rendered":"<h3>Informations de base<\/h3>\n<table>\n<tbody>\n<tr>\n<th>Marque :<\/th>\n<td>Rolex<\/td>\n<\/tr>\n<tr>\n<th>Mod\u00e8le<\/th>\n<td>Datejust<\/td>\n<\/tr>\n<tr>\n<th>R\u00e9f\u00e9rence :<\/th>\n<td>68273<\/td>\n<\/tr>\n<tr>\n<th>Accessoires :<\/th>\n<td>Bo\u00eete d'origine, pas de papiers d'origine<\/td>\n<\/tr>\n<tr>\n<th>Sexe:<\/th>\n<td>Femmes\/Unisexe<\/td>\n<\/tr>\n<tr>\n<th>Calibre :<\/th>\n<td>Automatique<\/td>\n<\/tr>\n<tr>\n<th>Mat\u00e9riau Bo\u00eetier :<\/th>\n<td>Acier\/Or<\/td>\n<\/tr>\n<tr>\n<th>Mat\u00e9riau Bracelet :<\/th>\n<td>Acier\/Or<\/td>\n<\/tr>\n<tr>\n<th>Ann\u00e9e :<\/th>\n<td>1991<\/td>\n<\/tr>\n<tr>\n<th>\u00c9tat :<\/th>\n<td>Tr\u00e8s Bon<\/td>\n<\/tr>\n<tr>\n<th>Diam\u00e8tre du Bo\u00eetier :<\/th>\n<td>31mm<\/td>\n<\/tr>\n<\/tbody>\n<\/table>","protected":false},"excerpt":{"rendered":"<div>Rolex Datejust 68273 from 1991 with the champagne dial in excellent condition, including the original box.<\/div>\n<div><\/div>\n<div id=\"jq-dealer-default-notes\" class=\"m-t-4\" data-ajax-src=\"\/search\/detail.htm?dealerDefaultNotes=&amp;htmlize=1&amp;id=23815744&amp;t=1652963800530\">Toutes nos montres ont \u00e9t\u00e9 minutieusement contr\u00f4l\u00e9es par notre propre horloger et r\u00e9vis\u00e9es si n\u00e9cessaire.<\/div>","protected":false},"featured_media":25526,"template":"","meta":{"_joinchat":[]},"product_brand":[],"product_cat":[378,234,22],"product_tag":[224,158,311,327,175,190,25,30,27,34],"class_list":{"0":"post-25617","1":"product","2":"type-product","3":"status-publish","4":"has-post-thumbnail","6":"product_cat-31mm","7":"product_cat-datejust","8":"product_cat-rolex","9":"product_tag-224","10":"product_tag-31mm","11":"product_tag-311","12":"product_tag-box","13":"product_tag-champagne-dial","14":"product_tag-dames","15":"product_tag-datejust","16":"product_tag-gold","17":"product_tag-rolex","18":"product_tag-steel","20":"first","21":"instock","22":"featured","23":"shipping-taxable","24":"purchasable","25":"product-type-simple"},"_links":{"self":[{"href":"https:\/\/fullset.be\/fr\/wp-json\/wp\/v2\/product\/25617","targetHints":{"allow":["GET"]}}],"collection":[{"href":"https:\/\/fullset.be\/fr\/wp-json\/wp\/v2\/product"}],"about":[{"href":"https:\/\/fullset.be\/fr\/wp-json\/wp\/v2\/types\/product"}],"wp:featuredmedia":[{"embeddable":true,"href":"https:\/\/fullset.be\/fr\/wp-json\/wp\/v2\/media\/25526"}],"wp:attachment":[{"href":"https:\/\/fullset.be\/fr\/wp-json\/wp\/v2\/media?parent=25617"}],"wp:term":[{"taxonomy":"product_brand","embeddable":true,"href":"https:\/\/fullset.be\/fr\/wp-json\/wp\/v2\/product_brand?post=25617"},{"taxonomy":"product_cat","embeddable":true,"href":"https:\/\/fullset.be\/fr\/wp-json\/wp\/v2\/product_cat?post=25617"},{"taxonomy":"product_tag","embeddable":true,"href":"https:\/\/fullset.be\/fr\/wp-json\/wp\/v2\/product_tag?post=25617"}],"curies":[{"name":"wp","href":"https:\/\/api.w.org\/{rel}","templated":true}]}}