{"id":21713,"date":"2024-05-25T12:23:34","date_gmt":"2024-05-25T10:23:34","guid":{"rendered":"http:\/\/fullset.be\/?post_type=product&#038;p=21713"},"modified":"2024-10-03T23:14:20","modified_gmt":"2024-10-03T21:14:20","slug":"rolex-air-king-14000-2","status":"publish","type":"product","link":"https:\/\/fullset.be\/fr\/horloge\/rolex\/rolex-air-king-14000-2\/","title":{"rendered":"Rolex Air-King 14000 Ann\u00e9e 1999 (Bo\u00eete)"},"content":{"rendered":"<h3>Informations de base<\/h3>\n<table>\n<tbody>\n<tr>\n<th>Marque :<\/th>\n<td>Rolex<\/td>\n<\/tr>\n<tr>\n<th>Mod\u00e8le<\/th>\n<td>Air-King<\/td>\n<\/tr>\n<tr>\n<th>R\u00e9f\u00e9rence :<\/th>\n<td>14000<\/td>\n<\/tr>\n<tr>\n<th>Accessoires :<\/th>\n<td>Bo\u00eete d'origine, pas de papiers d'origine<\/td>\n<\/tr>\n<tr>\n<th>Sexe:<\/th>\n<td>Hommes\/Unisexe<\/td>\n<\/tr>\n<tr>\n<th>Calibre :<\/th>\n<td>Automatique<\/td>\n<\/tr>\n<tr>\n<th>Mat\u00e9riau Bo\u00eetier :<\/th>\n<td>Acier<\/td>\n<\/tr>\n<tr>\n<th>Mat\u00e9riau Bracelet :<\/th>\n<td>Acier<\/td>\n<\/tr>\n<tr>\n<th>Ann\u00e9e :<\/th>\n<td>1999<\/td>\n<\/tr>\n<tr>\n<th>\u00c9tat :<\/th>\n<td>Tr\u00e8s Bon<\/td>\n<\/tr>\n<tr>\n<th>Diam\u00e8tre du Bo\u00eetier<\/th>\n<td>34 mm<\/td>\n<\/tr>\n<\/tbody>\n<\/table>","protected":false},"excerpt":{"rendered":"<p>Rolex Air-King 14000 de 1999 en tr\u00e8s bon \u00e9tat avec bo\u00eete d'origine.<\/p>\n<p>Toutes nos montres ont \u00e9t\u00e9 minutieusement contr\u00f4l\u00e9es par notre propre horloger et r\u00e9vis\u00e9es si n\u00e9cessaire.<br \/>\nC'est pourquoi nos montres sont vendues avec une garantie d'un an \u00e0 compter de la date d'achat.<\/p>","protected":false},"featured_media":22044,"template":"","meta":{"_joinchat":[]},"product_brand":[],"product_cat":[22,240],"product_tag":[35,170,36,37,327,27,105,34],"class_list":{"0":"post-21713","1":"product","2":"type-product","3":"status-publish","4":"has-post-thumbnail","6":"product_cat-rolex","7":"product_cat-air-king","8":"product_tag-35","9":"product_tag-170","10":"product_tag-34mm","11":"product_tag-air-king","12":"product_tag-box","13":"product_tag-rolex","14":"product_tag-silver-dial","15":"product_tag-steel","17":"first","18":"outofstock","19":"shipping-taxable","20":"purchasable","21":"product-type-simple"},"_links":{"self":[{"href":"https:\/\/fullset.be\/fr\/wp-json\/wp\/v2\/product\/21713","targetHints":{"allow":["GET"]}}],"collection":[{"href":"https:\/\/fullset.be\/fr\/wp-json\/wp\/v2\/product"}],"about":[{"href":"https:\/\/fullset.be\/fr\/wp-json\/wp\/v2\/types\/product"}],"wp:featuredmedia":[{"embeddable":true,"href":"https:\/\/fullset.be\/fr\/wp-json\/wp\/v2\/media\/22044"}],"wp:attachment":[{"href":"https:\/\/fullset.be\/fr\/wp-json\/wp\/v2\/media?parent=21713"}],"wp:term":[{"taxonomy":"product_brand","embeddable":true,"href":"https:\/\/fullset.be\/fr\/wp-json\/wp\/v2\/product_brand?post=21713"},{"taxonomy":"product_cat","embeddable":true,"href":"https:\/\/fullset.be\/fr\/wp-json\/wp\/v2\/product_cat?post=21713"},{"taxonomy":"product_tag","embeddable":true,"href":"https:\/\/fullset.be\/fr\/wp-json\/wp\/v2\/product_tag?post=21713"}],"curies":[{"name":"wp","href":"https:\/\/api.w.org\/{rel}","templated":true}]}}