{"id":27676,"date":"2026-03-10T15:03:45","date_gmt":"2026-03-10T14:03:45","guid":{"rendered":"https:\/\/fullset.be\/?post_type=product&#038;p=27676"},"modified":"2026-03-10T15:19:01","modified_gmt":"2026-03-10T14:19:01","slug":"rolex-datejust-68273-17","status":"publish","type":"product","link":"https:\/\/fullset.be\/de\/horloge\/rolex\/datejust\/31mm\/rolex-datejust-68273-17\/","title":{"rendered":"Rolex Datejust Ref. 68273 Year 1988 (Box &#038; Papers)"},"content":{"rendered":"<h3>Grundlegende Informationen<\/h3>\n<table>\n<tbody>\n<tr>\n<th>Marke:<\/th>\n<td>Rolex<\/td>\n<\/tr>\n<tr>\n<th>Modell:<\/th>\n<td>Datejust<\/td>\n<\/tr>\n<tr>\n<th>Referenz:<\/th>\n<td>68273<\/td>\n<\/tr>\n<tr>\n<th>Zubeh\u00f6r:<\/th>\n<td>Original Box, Original Papiere<\/td>\n<\/tr>\n<tr>\n<th>Geschlecht:<\/th>\n<td>Frauen\/Unisex<\/td>\n<\/tr>\n<tr>\n<th>Kaliber:<\/th>\n<td>Automatisch<\/td>\n<\/tr>\n<tr>\n<th>Material Geh\u00e4use:<\/th>\n<td>Stahl\/Gold<\/td>\n<\/tr>\n<tr>\n<th>Material Band:<\/th>\n<td>Stahl\/Gold<\/td>\n<\/tr>\n<tr>\n<th>Jahr:<\/th>\n<td>1988<\/td>\n<\/tr>\n<tr>\n<th>Zustand:<\/th>\n<td>Sehr Gut<\/td>\n<\/tr>\n<tr>\n<th>Geh\u00e4use Durchmesser:<\/th>\n<td>31mm<\/td>\n<\/tr>\n<\/tbody>\n<\/table>","protected":false},"excerpt":{"rendered":"<div>Rolex Datejust Ref. 68273 from 1988 with the blue diamond dial in excellent condition, including the original box and papers.<\/div>\n<div><\/div>\n<div id=\"jq-dealer-default-notes\" class=\"m-t-4\" data-ajax-src=\"\/search\/detail.htm?dealerDefaultNotes=&amp;htmlize=1&amp;id=23815744&amp;t=1652963800530\">Alle unsere Uhren wurden von unserem eigenen Uhrmacher gr\u00fcndlich \u00fcberpr\u00fcft und bei Bedarf gewartet.<\/div>","protected":false},"featured_media":27646,"template":"","meta":{"_joinchat":[]},"product_brand":[],"product_cat":[378,234,22],"product_tag":[294,158,311,310,214,190,25,30,189,27,34],"class_list":{"0":"post-27676","1":"product","2":"type-product","3":"status-publish","4":"has-post-thumbnail","6":"product_cat-31mm","7":"product_cat-datejust","8":"product_cat-rolex","9":"product_tag-294","10":"product_tag-31mm","11":"product_tag-311","12":"product_tag-blue-diamond-dial","13":"product_tag-box-and-papers","14":"product_tag-dames","15":"product_tag-datejust","16":"product_tag-gold","17":"product_tag-heren","18":"product_tag-rolex","19":"product_tag-steel","21":"first","22":"instock","23":"featured","24":"shipping-taxable","25":"purchasable","26":"product-type-simple"},"_links":{"self":[{"href":"https:\/\/fullset.be\/de\/wp-json\/wp\/v2\/product\/27676","targetHints":{"allow":["GET"]}}],"collection":[{"href":"https:\/\/fullset.be\/de\/wp-json\/wp\/v2\/product"}],"about":[{"href":"https:\/\/fullset.be\/de\/wp-json\/wp\/v2\/types\/product"}],"wp:featuredmedia":[{"embeddable":true,"href":"https:\/\/fullset.be\/de\/wp-json\/wp\/v2\/media\/27646"}],"wp:attachment":[{"href":"https:\/\/fullset.be\/de\/wp-json\/wp\/v2\/media?parent=27676"}],"wp:term":[{"taxonomy":"product_brand","embeddable":true,"href":"https:\/\/fullset.be\/de\/wp-json\/wp\/v2\/product_brand?post=27676"},{"taxonomy":"product_cat","embeddable":true,"href":"https:\/\/fullset.be\/de\/wp-json\/wp\/v2\/product_cat?post=27676"},{"taxonomy":"product_tag","embeddable":true,"href":"https:\/\/fullset.be\/de\/wp-json\/wp\/v2\/product_tag?post=27676"}],"curies":[{"name":"wp","href":"https:\/\/api.w.org\/{rel}","templated":true}]}}