{"id":17360,"date":"2023-08-05T14:49:28","date_gmt":"2023-08-05T12:49:28","guid":{"rendered":"http:\/\/fullset.be\/?page_id=17360"},"modified":"2026-04-06T15:09:29","modified_gmt":"2026-04-06T13:09:29","slug":"cookie-policy","status":"publish","type":"page","link":"https:\/\/fullset.be\/de\/cookie-policy\/","title":{"rendered":"Cookie-Richtlinie"},"content":{"rendered":"<div data-elementor-type=\"wp-page\" data-elementor-id=\"17360\" class=\"elementor elementor-17360\" data-elementor-post-type=\"page\">\n\t\t\t\t\t\t<section class=\"elementor-section elementor-top-section elementor-element elementor-element-1181aa4 elementor-section-boxed elementor-section-height-default elementor-section-height-default\" data-id=\"1181aa4\" data-element_type=\"section\" data-settings=\"{&quot;jet_parallax_layout_list&quot;:[]}\">\n\t\t\t\t\t\t<div class=\"elementor-container elementor-column-gap-default\">\n\t\t\t\t\t<div class=\"elementor-column elementor-col-100 elementor-top-column elementor-element elementor-element-19ce716\" data-id=\"19ce716\" data-element_type=\"column\">\n\t\t\t<div class=\"elementor-widget-wrap elementor-element-populated\">\n\t\t\t\t\t\t<div class=\"elementor-element elementor-element-462ef7e elementor-widget elementor-widget-html\" data-id=\"462ef7e\" data-element_type=\"widget\" data-widget_type=\"html.default\">\n\t\t\t\t<div class=\"elementor-widget-container\">\n\t\t\t\t\t<style>\n    a.cky-banner-element {\n        padding: 8px 30px;\n        background: #F8F9FA;\n        color: #858A8F;\n        border: 1px solid #DEE2E6;\n        box-sizing: border-box;\n        border-radius: 2px;\n        cursor: pointer;\n}\n.cookie-policy-h1{\n     font-family: 'SatoshiVariable';\n}\n\np{\n    font-family:'SpaceGroteSk'\n}\n<\/style>\n<h1 class=\"cookie-policy-h1\">Cookie-Richtlinie<\/h1>\n<p>\n    Effective Date: 05-Aug-2023 <br>\n    Last Updated: 05-Aug-2023\n<\/p>\n\n&nbsp;\n<h5>Was sind Cookies?<\/h5>\n<div class=\"cookie-policy-p\"><p>Diese Cookie-Richtlinie erkl\u00e4rt, was Cookies sind und wie wir sie verwenden, welche Arten von Cookies wir verwenden, d. h. welche Informationen wir mithilfe von Cookies sammeln und wie diese Informationen verwendet werden, und wie Sie die Cookie-Einstellungen verwalten k\u00f6nnen.<\/p> <p>Cookies sind kleine Textdateien, die dazu dienen, kleine Informationsmengen zu speichern. Sie werden auf Ihrem Ger\u00e4t gespeichert, wenn die Website in Ihren Browser geladen wird. Diese Cookies helfen uns dabei, die Website funktionsf\u00e4hig zu halten, sie sicherer zu machen, eine bessere Benutzererfahrung zu bieten und zu verstehen, wie die Website funktioniert, und zu analysieren, was funktioniert und wo sie verbessert werden muss.<\/p><\/div>\n\n&nbsp;\n<h5>Wie verwenden wir Cookies?<\/h5>\n<div class=\"cookie-policy-p\"><p>Wie die meisten Online-Dienste verwendet auch unsere Website First-Party- und Third-Party-Cookies f\u00fcr verschiedene Zwecke. First-party cookies are mostly necessary for the website to function in the right way, and they do not collect any of your personally identifiable data.<\/p> <p>Die auf unserer Website verwendeten Cookies von Drittanbietern dienen in erster Linie dazu, zu verstehen, wie die Website funktioniert, wie Sie mit unserer Website interagieren, unsere Dienste sicher zu halten, f\u00fcr Sie relevante Werbung bereitzustellen und Ihnen insgesamt eine bessere und verbesserte Nutzererfahrung zu bieten und Ihre zuk\u00fcnftigen Interaktionen mit unserer Website zu beschleunigen.<\/p><\/div>\n\n&nbsp;\n    <h5>Arten von Cookies, die wir verwenden<\/h5>\n\n    <div class=\"cky-audit-table-element\"><\/div>\n\n&nbsp;\n    <h5 style=\"margin-bottom:20px;\">Cookie-Einstellungen verwalten<\/h5>\n\n    <a class=\"cky-banner-element\">Cookie-Einstellungen<\/a> <br\/>\n\n    <div><p>Sie k\u00f6nnen Ihre Cookie-Einstellungen jederzeit \u00e4ndern, indem Sie auf den oben genannten Button klicken. Dadurch k\u00f6nnen Sie das Cookie Consent Banner erneut aufrufen und Ihre Einstellungen \u00e4ndern oder Ihre Zustimmung direkt zur\u00fcckziehen. <\/p> <p>Dar\u00fcber hinaus bieten verschiedene Browser unterschiedliche Methoden zum Blockieren und L\u00f6schen von Cookies, die von Webseiten verwendet werden. Sie k\u00f6nnen die Einstellungen Ihres Browsers \u00e4ndern, um Cookies zu blockieren\/l\u00f6schen. Nachfolgend sind die Links zu den Support-Dokumenten aufgef\u00fchrt, in denen beschrieben wird, wie Sie Cookies der wichtigsten Webbrowser verwalten und l\u00f6schen k\u00f6nnen.<\/p> <p>Chrome: <a href=\"https:\/\/support.google.com\/accounts\/answer\/32050\" target=\"_blank\" rel=\"noopener\">https:\/\/support.google.com\/accounts\/answer\/32050<\/a><\/p><p>Safari: <a href=\"https:\/\/support.apple.com\/en-in\/guide\/safari\/sfri11471\/mac\" target=\"_blank\" rel=\"noopener\">https:\/\/support.apple.com\/en-in\/guide\/safari\/sfri11471\/mac<\/a><\/p><p>Firefox: <a href=\"https:\/\/support.mozilla.org\/en-US\/kb\/clear-cookies-and-site-data-firefox?redirectslug=delete-cookies-remove-info-websites-stored&amp;redirectlocale=en-US\" target=\"_blank\" rel=\"noopener\">https:\/\/support.mozilla.org\/en-US\/kb\/clear-cookies-and-site-data-firefox?redirectslug=delete-cookies-remove-info-websites-stored&redirectlocale=en-US<\/a><\/p><p>Internet Explorer: <a href=\"https:\/\/support.microsoft.com\/en-us\/topic\/how-to-delete-cookie-files-in-internet-explorer-bca9446f-d873-78de-77ba-d42645fa52fc\" target=\"_blank\" rel=\"noopener\">https:\/\/support.microsoft.com\/en-us\/topic\/how-to-delete-cookie-files-in-internet-explorer-bca9446f-d873-78de-77ba-d42645fa52fc<\/a><\/p><p>Wenn Sie einen anderen Webbrowser verwenden, besuchen Sie bitte die offiziellen Support-Dokumente Ihres Browsers.<\/p><\/div>\n\n\n&nbsp;\n<p class=\"cookie-policy-p\">\n    Cookie Policy Generated By  <a target=\"_blank\" href=\"https:\/\/www.cookieyes.com\/?utm_source=CP&amp;utm_medium=footer&amp;utm_campaign=UW\" rel=\"noopener\">CookieYes - Cookie Policy Generator<\/a>.\n<\/p>\t\t\t\t<\/div>\n\t\t\t\t<\/div>\n\t\t\t\t\t<\/div>\n\t\t<\/div>\n\t\t\t\t\t<\/div>\n\t\t<\/section>\n\t\t\t\t<\/div>","protected":false},"excerpt":{"rendered":"<p>Cookie Policy Effective Date: 05-Aug-2023 Last Updated: 05-Aug-2023 &nbsp; What are cookies? This Cookie Policy explains what cookies are and how we use them, the types of cookies we use i.e, the information we collect using cookies and how that information is used, and how to manage the cookie settings. Cookies are small text files [&hellip;]<\/p>","protected":false},"author":1,"featured_media":0,"parent":0,"menu_order":0,"comment_status":"closed","ping_status":"closed","template":"","meta":{"_joinchat":[],"footnotes":""},"class_list":["post-17360","page","type-page","status-publish","hentry"],"_links":{"self":[{"href":"https:\/\/fullset.be\/de\/wp-json\/wp\/v2\/pages\/17360","targetHints":{"allow":["GET"]}}],"collection":[{"href":"https:\/\/fullset.be\/de\/wp-json\/wp\/v2\/pages"}],"about":[{"href":"https:\/\/fullset.be\/de\/wp-json\/wp\/v2\/types\/page"}],"author":[{"embeddable":true,"href":"https:\/\/fullset.be\/de\/wp-json\/wp\/v2\/users\/1"}],"replies":[{"embeddable":true,"href":"https:\/\/fullset.be\/de\/wp-json\/wp\/v2\/comments?post=17360"}],"version-history":[{"count":7,"href":"https:\/\/fullset.be\/de\/wp-json\/wp\/v2\/pages\/17360\/revisions"}],"predecessor-version":[{"id":27940,"href":"https:\/\/fullset.be\/de\/wp-json\/wp\/v2\/pages\/17360\/revisions\/27940"}],"wp:attachment":[{"href":"https:\/\/fullset.be\/de\/wp-json\/wp\/v2\/media?parent=17360"}],"curies":[{"name":"wp","href":"https:\/\/api.w.org\/{rel}","templated":true}]}}