{"id":12284,"date":"2022-10-26T15:56:50","date_gmt":"2022-10-26T13:56:50","guid":{"rendered":"https:\/\/www.timepiecesbelgium.be\/?page_id=12284"},"modified":"2026-04-06T15:10:42","modified_gmt":"2026-04-06T13:10:42","slug":"authenticity-guarantee","status":"publish","type":"page","link":"https:\/\/fullset.be\/de\/authenticity-guarantee\/","title":{"rendered":"Echtheitsgarantie"},"content":{"rendered":"<div data-elementor-type=\"wp-page\" data-elementor-id=\"12284\" class=\"elementor elementor-12284\" data-elementor-post-type=\"page\">\n\t\t\t\t\t\t<section class=\"elementor-section elementor-top-section elementor-element elementor-element-b8b716f elementor-section-boxed elementor-section-height-default elementor-section-height-default\" data-id=\"b8b716f\" data-element_type=\"section\" data-settings=\"{&quot;jet_parallax_layout_list&quot;:[]}\">\n\t\t\t\t\t\t<div class=\"elementor-container elementor-column-gap-default\">\n\t\t\t\t\t<div class=\"elementor-column elementor-col-100 elementor-top-column elementor-element elementor-element-ea44581\" data-id=\"ea44581\" data-element_type=\"column\">\n\t\t\t<div class=\"elementor-widget-wrap elementor-element-populated\">\n\t\t\t\t\t\t<div class=\"elementor-element elementor-element-72be747 elementor-widget elementor-widget-heading\" data-id=\"72be747\" data-element_type=\"widget\" data-widget_type=\"heading.default\">\n\t\t\t\t<div class=\"elementor-widget-container\">\n\t\t\t\t\t<h2 class=\"elementor-heading-title elementor-size-default\">Echtheitsgarantie<\/h2>\t\t\t\t<\/div>\n\t\t\t\t<\/div>\n\t\t\t\t<div class=\"elementor-element elementor-element-7be2e3e elementor-widget elementor-widget-text-editor\" data-id=\"7be2e3e\" data-element_type=\"widget\" data-widget_type=\"text-editor.default\">\n\t\t\t\t<div class=\"elementor-widget-container\">\n\t\t\t\t\t\t\t\t\t<p>Bei der Investition in eine Luxusuhr ist Authentizit\u00e4t das A und O. Aus diesem Grund bieten wir eine Echtheitsgarantie. Unsere Experten pr\u00fcfen jeden Zeitmesser, das Zifferblatt und das komplette Geh\u00e4use, um sicherzustellen, dass er vollst\u00e4ndig authentisch ist.<\/p>\n<p>Einige Teile wie Gl\u00e4ser, Kronen, Armb\u00e4nder und Zeiger k\u00f6nnen im Rahmen der Wartung der Uhr ersetzt werden und sind daher nicht Teil der Echtheitsgarantie. Dennoch werden diese Teile von unseren Experten gepr\u00fcft und gegebenenfalls ausgetauscht, um die Echtheit und Unversehrtheit der Uhr zu gew\u00e4hrleisten. In diesem Fall befindet sich die Uhr in ihrem bestm\u00f6glichen Originalzustand, so dass wir eine volle Echtheitsgarantie geben k\u00f6nnen.<\/p>\n<p><!-- \/wp:paragraph --><\/p>\t\t\t\t\t\t\t\t<\/div>\n\t\t\t\t<\/div>\n\t\t\t\t\t<\/div>\n\t\t<\/div>\n\t\t\t\t\t<\/div>\n\t\t<\/section>\n\t\t\t\t<\/div>","protected":false},"excerpt":{"rendered":"<p>Echtheitsgarantie Bei der Investition in eine Luxusuhr ist Authentizit\u00e4t das A und O. Deshalb bieten wir eine Echtheitsgarantie. Unsere Experten pr\u00fcfen jeden Zeitmesser, das Zifferblatt und das komplette Geh\u00e4use, um sicherzustellen, dass die Uhr vollst\u00e4ndig authentisch ist. Einige Teile wie Gl\u00e4ser, Kronen, Armb\u00e4nder und Zeiger k\u00f6nnen ersetzt werden, um mit der Wartung der Uhr Schritt zu halten [...].<\/p>","protected":false},"author":1,"featured_media":0,"parent":0,"menu_order":0,"comment_status":"closed","ping_status":"closed","template":"","meta":{"_joinchat":[],"footnotes":""},"class_list":["post-12284","page","type-page","status-publish","hentry"],"_links":{"self":[{"href":"https:\/\/fullset.be\/de\/wp-json\/wp\/v2\/pages\/12284","targetHints":{"allow":["GET"]}}],"collection":[{"href":"https:\/\/fullset.be\/de\/wp-json\/wp\/v2\/pages"}],"about":[{"href":"https:\/\/fullset.be\/de\/wp-json\/wp\/v2\/types\/page"}],"author":[{"embeddable":true,"href":"https:\/\/fullset.be\/de\/wp-json\/wp\/v2\/users\/1"}],"replies":[{"embeddable":true,"href":"https:\/\/fullset.be\/de\/wp-json\/wp\/v2\/comments?post=12284"}],"version-history":[{"count":17,"href":"https:\/\/fullset.be\/de\/wp-json\/wp\/v2\/pages\/12284\/revisions"}],"predecessor-version":[{"id":27943,"href":"https:\/\/fullset.be\/de\/wp-json\/wp\/v2\/pages\/12284\/revisions\/27943"}],"wp:attachment":[{"href":"https:\/\/fullset.be\/de\/wp-json\/wp\/v2\/media?parent=12284"}],"curies":[{"name":"wp","href":"https:\/\/api.w.org\/{rel}","templated":true}]}}