{"id":12273,"date":"2022-10-26T15:53:59","date_gmt":"2022-10-26T13:53:59","guid":{"rendered":"https:\/\/www.timepiecesbelgium.be\/?page_id=12273"},"modified":"2026-03-18T16:11:32","modified_gmt":"2026-03-18T15:11:32","slug":"shipping-delivery-information","status":"publish","type":"page","link":"https:\/\/fullset.be\/de\/shipping-delivery-information\/","title":{"rendered":"Informationen zu Versand und Lieferung"},"content":{"rendered":"<div data-elementor-type=\"wp-page\" data-elementor-id=\"12273\" class=\"elementor elementor-12273\" data-elementor-post-type=\"page\">\n\t\t\t\t\t\t<section class=\"elementor-section elementor-top-section elementor-element elementor-element-746c935d elementor-section-boxed elementor-section-height-default elementor-section-height-default\" data-id=\"746c935d\" data-element_type=\"section\" data-settings=\"{&quot;jet_parallax_layout_list&quot;:[]}\">\n\t\t\t\t\t\t<div class=\"elementor-container elementor-column-gap-default\">\n\t\t\t\t\t<div class=\"elementor-column elementor-col-100 elementor-top-column elementor-element elementor-element-40c7ec3b\" data-id=\"40c7ec3b\" data-element_type=\"column\">\n\t\t\t<div class=\"elementor-widget-wrap elementor-element-populated\">\n\t\t\t\t\t\t<div class=\"elementor-element elementor-element-61c7d374 elementor-widget elementor-widget-text-editor\" data-id=\"61c7d374\" data-element_type=\"widget\" data-widget_type=\"text-editor.default\">\n\t\t\t\t<div class=\"elementor-widget-container\">\n\t\t\t\t\t\t\t\t\t<h1><strong>Informationen zu Versand und Lieferung<\/strong><\/h1>\n<p><!-- \/wp:heading --><!-- wp:paragraph --><\/p>\n<p>Zu wissen, wie Ihre Luxusuhr geliefert wird, hat f\u00fcr unsere Kunden oberste Priorit\u00e4t. Deshalb finden Sie hier alles, was Sie \u00fcber unsere Versand- und Lieferinformationen wissen m\u00fcssen.<\/p>\n<p><!-- \/wp:paragraph --><!-- wp:paragraph --><\/p>\n<p>Jede Uhr, die wir auf Lager haben, wird, wenn m\u00f6glich, innerhalb eines Werktages nach Eingang Ihrer Bestellung und Pr\u00fcfung der Zahlung durch unsere Bank versandt.<\/p>\n<p><!-- \/wp:paragraph --><!-- wp:paragraph --><\/p>\n<p>Die Bestellungen werden gut gesch\u00fctzt und selbstverst\u00e4ndlich vollst\u00e4ndig versichert versandt.<\/p>\n<p><!-- \/wp:paragraph --><!-- wp:heading {\"level\":3} --><\/p>\n<h3><strong>Lieferzeiten<\/strong><\/h3>\n<p><!-- \/wp:heading --><!-- wp:paragraph --><\/p>\n<p>Bei Fullset werden alle Uhren, die wir auf Lager haben, innerhalb von zwei bis sechs Werktagen geliefert, sofern nicht anders angegeben.<\/p>\n<p><!-- \/wp:paragraph --><!-- wp:paragraph --><\/p>\n<p>Unser Unternehmen arbeitet mit hoch bewerteten Kurierdiensten zusammen, um sicherzustellen, dass unsere Bestellungen so schnell wie m\u00f6glich ankommen. Aber leider kann es vorkommen, dass sich der Versand und die Lieferung verz\u00f6gern, aber in diesen F\u00e4llen werden wir unsere Kunden immer gut informiert und auf dem Laufenden halten.<\/p>\n<p><!-- \/wp:paragraph --><!-- wp:heading {\"level\":4} --><\/p>\n<h4><strong>Shipping\u00a0costs<\/strong><\/h4>\n<p><!-- \/wp:heading --><!-- wp:paragraph --><\/p>\n<p><strong><strong>Nachstehend finden Sie unsere Versandgeb\u00fchren:<\/strong><\/strong><\/p>\n<p><!-- \/wp:paragraph --><!-- wp:table {\"className\":\"is-style-stripes\"} --><\/p>\n<figure class=\"wp-block-table is-style-stripes\">\n<table>\n<tbody>\n<tr>\n<td>Die Niederlande<\/td>\n<td>KOSTENLOS<\/td>\n<\/tr>\n<tr>\n<td>Belgien<\/td>\n<td>KOSTENLOS<\/td>\n<\/tr>\n<tr>\n<td>Deutschland<\/td>\n<td>KOSTENLOS<\/td>\n<\/tr>\n<tr>\n<td>Europ\u00e4ische Union<\/td>\n<td>\u20ac48.00<\/td>\n<\/tr>\n<tr>\n<td>Rest der Welt<\/td>\n<td>\u20ac78.00<\/td>\n<\/tr>\n<\/tbody>\n<\/table>\n<\/figure>\n<p><!-- \/wp:table --><!-- wp:paragraph --><\/p>\n<p><strong>Zollgeb\u00fchren<\/strong><\/p>\n<p><!-- \/wp:paragraph --><!-- wp:paragraph --><\/p>\n<p>Beachten Sie, dass f\u00fcr Ihre Bestellung m\u00f6glicherweise Zollgeb\u00fchren und Einfuhrz\u00f6lle des Landes anfallen, in das Ihre Bestellung versandt wird. Diese Geb\u00fchren sind immer in der Verantwortung des Kunden und sind nicht im Preis der Bestellung enthalten. Wenn Sie Fragen zum Versand in Ihr Land haben, kontaktieren Sie uns bitte unter <a href=\"mailto:info@fullset.be\">contact@fullset.be<\/a>.<\/p>\n<p><!-- \/wp:paragraph --><\/p>\t\t\t\t\t\t\t\t<\/div>\n\t\t\t\t<\/div>\n\t\t\t\t\t<\/div>\n\t\t<\/div>\n\t\t\t\t\t<\/div>\n\t\t<\/section>\n\t\t\t\t<\/div>","protected":false},"excerpt":{"rendered":"<p>Informationen zum Versand und zur Lieferung Informationen dar\u00fcber, wie Ihre Luxusuhr geliefert wird, haben f\u00fcr unsere Kunden oberste Priorit\u00e4t. Deshalb finden Sie hier alles, was Sie \u00fcber unsere Versand- und Lieferinformationen wissen m\u00fcssen. Jede Uhr, die wir auf Lager haben, wird nach M\u00f6glichkeit innerhalb eines Werktages versandt, und nach Eingang Ihrer Bestellung [...]<\/p>","protected":false},"author":1,"featured_media":0,"parent":0,"menu_order":0,"comment_status":"closed","ping_status":"closed","template":"","meta":{"_joinchat":[],"footnotes":""},"class_list":["post-12273","page","type-page","status-publish","hentry"],"_links":{"self":[{"href":"https:\/\/fullset.be\/de\/wp-json\/wp\/v2\/pages\/12273","targetHints":{"allow":["GET"]}}],"collection":[{"href":"https:\/\/fullset.be\/de\/wp-json\/wp\/v2\/pages"}],"about":[{"href":"https:\/\/fullset.be\/de\/wp-json\/wp\/v2\/types\/page"}],"author":[{"embeddable":true,"href":"https:\/\/fullset.be\/de\/wp-json\/wp\/v2\/users\/1"}],"replies":[{"embeddable":true,"href":"https:\/\/fullset.be\/de\/wp-json\/wp\/v2\/comments?post=12273"}],"version-history":[{"count":12,"href":"https:\/\/fullset.be\/de\/wp-json\/wp\/v2\/pages\/12273\/revisions"}],"predecessor-version":[{"id":27700,"href":"https:\/\/fullset.be\/de\/wp-json\/wp\/v2\/pages\/12273\/revisions\/27700"}],"wp:attachment":[{"href":"https:\/\/fullset.be\/de\/wp-json\/wp\/v2\/media?parent=12273"}],"curies":[{"name":"wp","href":"https:\/\/api.w.org\/{rel}","templated":true}]}}